{"id":4955,"date":"2023-09-14T14:48:11","date_gmt":"2023-09-14T12:48:11","guid":{"rendered":"https:\/\/www.fpsa.com\/ein-nachhaltiger-entwicklungsansatz\/fpsa-membre-de-la-communaute-coq-vert-de-bpi-france\/"},"modified":"2024-10-09T15:46:54","modified_gmt":"2024-10-09T13:46:54","slug":"fpsa-membre-de-la-communaute-coq-vert-de-bpi-france","status":"publish","type":"page","link":"https:\/\/www.fpsa.com\/de\/ein-nachhaltiger-entwicklungsansatz\/fpsa-membre-de-la-communaute-coq-vert-de-bpi-france\/","title":{"rendered":"FPSA, Mitglied der Coq-Vert-Community von BPI France"},"content":{"rendered":"\n<figure class=\"wp-block-image size-full bg_top_int_dev_durable\"><img loading=\"lazy\" decoding=\"async\" width=\"1965\" height=\"911\" src=\"https:\/\/www.fpsa.com\/wp-content\/uploads\/fpsa-developpement-durable.jpg\" alt=\"fpsa-developpement-durable\" class=\"wp-image-4298\" srcset=\"https:\/\/www.fpsa.com\/wp-content\/uploads\/fpsa-developpement-durable.jpg 1965w, https:\/\/www.fpsa.com\/wp-content\/uploads\/fpsa-developpement-durable-300x139.jpg 300w, https:\/\/www.fpsa.com\/wp-content\/uploads\/fpsa-developpement-durable-1024x475.jpg 1024w, https:\/\/www.fpsa.com\/wp-content\/uploads\/fpsa-developpement-durable-768x356.jpg 768w, https:\/\/www.fpsa.com\/wp-content\/uploads\/fpsa-developpement-durable-1536x712.jpg 1536w\" sizes=\"auto, (max-width: 1965px) 100vw, 1965px\" \/><\/figure>\n\n\n\n<div class=\"wp-block-group wrap_int_dev_durable\"><div class=\"wp-block-group__inner-container is-layout-constrained wp-block-group-is-layout-constrained\">\n<figure class=\"wp-block-image size-full medaille\"><img loading=\"lazy\" decoding=\"async\" width=\"851\" height=\"851\" src=\"https:\/\/www.fpsa.com\/wp-content\/uploads\/Coq_Vert_RVB.png\" alt=\"Logo Coq Vert\" class=\"wp-image-3458\" srcset=\"https:\/\/www.fpsa.com\/wp-content\/uploads\/Coq_Vert_RVB.png 851w, https:\/\/www.fpsa.com\/wp-content\/uploads\/Coq_Vert_RVB-300x300.png 300w, https:\/\/www.fpsa.com\/wp-content\/uploads\/Coq_Vert_RVB-150x150.png 150w, https:\/\/www.fpsa.com\/wp-content\/uploads\/Coq_Vert_RVB-768x768.png 768w\" sizes=\"auto, (max-width: 851px) 100vw, 851px\" \/><\/figure>\n\n\n\n<h1 class=\"wp-block-heading\">Die Ecovadis-Zertifizierung verzeichnet seit 2017 einen stetigen Fortschritt.<\/h1>\n\n\n\n<p>Zus\u00e4tzlich zur Ecovadis-Zertifizierung geh\u00f6rt FPSA nun zu den f\u00fchrenden Unternehmen im Bereich der \u00f6kologischen und energetischen Transformation durch die Coq-Vert-Community von BPI France.<\/p>\n\n\n\n<p>Die Coq-Vert-Community vereint Unternehmen, die sich in einem Entwicklungsprozess befinden, der die aktuellen \u00f6kologischen und umweltbezogenen Herausforderungen ber\u00fccksichtigt. \u00dcber die gemeinsame Vision einer kurzfristigen gr\u00fcnen Entwicklung hinaus verpflichtet sich jeder Akteur durch konkrete Ma\u00dfnahmen, eine \u00f6kologische Transformation zu vollziehen, um die Umweltbelastung seiner Aktivit\u00e4ten zu reduzieren.<\/p>\n<\/div><\/div>\n\n\n\n<div class=\"wp-block-media-text has-media-on-the-right is-stacked-on-mobile is-image-fill wrap_content\"><div class=\"wp-block-media-text__content\">\n<h2 class=\"wp-block-heading\">Ein \u00f6kologisches und zuverl\u00e4ssiges Glied<\/h2>\n\n\n\n<p><strong>Die Coq-Vert-Community ist eine von Bpifrance ins Leben gerufene Organisation in Partnerschaft mit der ADEME und dem Ministerium f\u00fcr \u00f6kologischen Wandel.<\/strong><\/p>\n\n\n\n<p>Durch diesen Ansatz positioniert sich FPSA als ein \u00f6kologisches und zuverl\u00e4ssiges Glied in der Fertigungskette seiner Kunden. Dieser Ansatz, der f\u00fcr die Auftraggeber von Vorteil ist, ist insbesondere dank verschiedener Ma\u00dfnahmen m\u00f6glich, die wir umgesetzt haben:<\/p>\n\n\n\n<ul class=\"wp-block-list list square\">\n<li><strong>Eine Nachverfolgung der Herstellung von Kunststoffteilen<\/strong>, um ihre Umweltbelastung zu bewerten.<\/li>\n\n\n\n<li><strong>Eine pr\u00e4zise und verl\u00e4ssliche Analyse<\/strong> des Lebenszyklus (LCA) der Kunststoffprodukte.<\/li>\n\n\n\n<li>Die Verwendung von <strong>94 % pflanzlichem HDPE<\/strong> und <strong>Biopolymeren aus Zellulosefasern<\/strong> f\u00fcr die Kunststoffspritzgussproduktion.<\/li>\n\n\n\n<li>Der Einsatz von Verbundwerkstoffen, die <strong>Verst\u00e4rkungen und Harze tierischen oder pflanzlichen Ursprungs<\/strong> im medizinischen Bereich nutzen. Die Verwendung dieser neuen Materialien erfolgt in Zusammenarbeit mit Studien eines norwegischen Forschungsinstituts.<\/li>\n<\/ul>\n<\/div><figure class=\"wp-block-media-text__media\" style=\"background-image:url(https:\/\/www.fpsa.com\/wp-content\/uploads\/lac-vouglans-ain-2.jpg);background-position:50% 50%\"><img loading=\"lazy\" decoding=\"async\" width=\"1965\" height=\"911\" src=\"https:\/\/www.fpsa.com\/wp-content\/uploads\/lac-vouglans-ain-2.jpg\" alt=\"lac-vouglans-ain\" class=\"wp-image-4399 size-full\" srcset=\"https:\/\/www.fpsa.com\/wp-content\/uploads\/lac-vouglans-ain-2.jpg 1965w, https:\/\/www.fpsa.com\/wp-content\/uploads\/lac-vouglans-ain-2-300x139.jpg 300w, https:\/\/www.fpsa.com\/wp-content\/uploads\/lac-vouglans-ain-2-1024x475.jpg 1024w, https:\/\/www.fpsa.com\/wp-content\/uploads\/lac-vouglans-ain-2-768x356.jpg 768w, https:\/\/www.fpsa.com\/wp-content\/uploads\/lac-vouglans-ain-2-1536x712.jpg 1536w\" sizes=\"auto, (max-width: 1965px) 100vw, 1965px\" \/><\/figure><\/div>\n","protected":false},"excerpt":{"rendered":"<p>Die Ecovadis-Zertifizierung verzeichnet seit 2017 einen stetigen Fortschritt. Zus\u00e4tzlich zur [&hellip;]<\/p>\n","protected":false},"author":1,"featured_media":0,"parent":4801,"menu_order":10,"comment_status":"closed","ping_status":"closed","template":"template-pages\/page-devdurable-interne.php","meta":{"_acf_changed":false,"footnotes":""},"class_list":["post-4955","page","type-page","status-publish","hentry"],"acf":[],"_links":{"self":[{"href":"https:\/\/www.fpsa.com\/de\/wp-json\/wp\/v2\/pages\/4955","targetHints":{"allow":["GET"]}}],"collection":[{"href":"https:\/\/www.fpsa.com\/de\/wp-json\/wp\/v2\/pages"}],"about":[{"href":"https:\/\/www.fpsa.com\/de\/wp-json\/wp\/v2\/types\/page"}],"author":[{"embeddable":true,"href":"https:\/\/www.fpsa.com\/de\/wp-json\/wp\/v2\/users\/1"}],"replies":[{"embeddable":true,"href":"https:\/\/www.fpsa.com\/de\/wp-json\/wp\/v2\/comments?post=4955"}],"version-history":[{"count":1,"href":"https:\/\/www.fpsa.com\/de\/wp-json\/wp\/v2\/pages\/4955\/revisions"}],"predecessor-version":[{"id":4957,"href":"https:\/\/www.fpsa.com\/de\/wp-json\/wp\/v2\/pages\/4955\/revisions\/4957"}],"up":[{"embeddable":true,"href":"https:\/\/www.fpsa.com\/de\/wp-json\/wp\/v2\/pages\/4801"}],"wp:attachment":[{"href":"https:\/\/www.fpsa.com\/de\/wp-json\/wp\/v2\/media?parent=4955"}],"curies":[{"name":"wp","href":"https:\/\/api.w.org\/{rel}","templated":true}]}}