{"id":4952,"date":"2023-09-14T15:17:32","date_gmt":"2023-09-14T13:17:32","guid":{"rendered":"https:\/\/www.fpsa.com\/ein-nachhaltiger-entwicklungsansatz\/liso-14001-garante-de-la-performance-environnementale\/"},"modified":"2024-10-09T15:40:26","modified_gmt":"2024-10-09T13:40:26","slug":"liso-14001-garante-de-la-performance-environnementale","status":"publish","type":"page","link":"https:\/\/www.fpsa.com\/de\/ein-nachhaltiger-entwicklungsansatz\/liso-14001-garante-de-la-performance-environnementale\/","title":{"rendered":"ISO 14001: Garant f\u00fcr die Umweltleistung"},"content":{"rendered":"\n<figure class=\"wp-block-image size-full bg_top_int_dev_durable\"><img loading=\"lazy\" decoding=\"async\" width=\"1965\" height=\"911\" src=\"https:\/\/www.fpsa.com\/wp-content\/uploads\/fpsa-developpement-durable.jpg\" alt=\"fpsa-developpement-durable\" class=\"wp-image-4298\" srcset=\"https:\/\/www.fpsa.com\/wp-content\/uploads\/fpsa-developpement-durable.jpg 1965w, https:\/\/www.fpsa.com\/wp-content\/uploads\/fpsa-developpement-durable-300x139.jpg 300w, https:\/\/www.fpsa.com\/wp-content\/uploads\/fpsa-developpement-durable-1024x475.jpg 1024w, https:\/\/www.fpsa.com\/wp-content\/uploads\/fpsa-developpement-durable-768x356.jpg 768w, https:\/\/www.fpsa.com\/wp-content\/uploads\/fpsa-developpement-durable-1536x712.jpg 1536w\" sizes=\"auto, (max-width: 1965px) 100vw, 1965px\" \/><\/figure>\n\n\n\n<div class=\"wp-block-group wrap_int_dev_durable\"><div class=\"wp-block-group__inner-container is-layout-constrained wp-block-group-is-layout-constrained\">\n<figure class=\"wp-block-image size-full medaille\"><img loading=\"lazy\" decoding=\"async\" width=\"404\" height=\"251\" src=\"https:\/\/www.fpsa.com\/wp-content\/uploads\/iso-14001-1.jpg\" alt=\"iso-14001\" class=\"wp-image-4659\" srcset=\"https:\/\/www.fpsa.com\/wp-content\/uploads\/iso-14001-1.jpg 404w, https:\/\/www.fpsa.com\/wp-content\/uploads\/iso-14001-1-300x186.jpg 300w\" sizes=\"auto, (max-width: 404px) 100vw, 404px\" \/><\/figure>\n\n\n\n<h1 class=\"wp-block-heading\">ISO 14001: Garant f\u00fcr die Umweltleistung<\/h1>\n\n\n\n<p>Diese Norm konzentriert sich haupts\u00e4chlich auf Ma\u00dfnahmen zur Vermeidung von Umweltverschmutzung und f\u00f6rdert im weiteren Sinne die Biodiversit\u00e4t und den Erhalt nat\u00fcrlicher Ressourcen. Sie tr\u00e4gt somit zu den Zielen der Vereinten Nationen f\u00fcr nachhaltige Entwicklung (SDGs) bei.<\/p>\n\n\n\n<p>Durch die ISO 14001-Zertifizierung setzt FPSA weiterhin auf eine Verbesserung ihrer Umweltleistung und erf\u00fcllt die erwarteten Ziele. Mit ihrem Handeln zeigt das Unternehmen, dass es in der Lage ist, nachhaltige Entwicklung in all seinen Aktivit\u00e4ten, Produkten und Dienstleistungen vollst\u00e4ndig zu ber\u00fccksichtigen.<\/p>\n\n\n\n<p>Im Rahmen seiner Gesamtstrategie verpflichtet sich FPSA zus\u00e4tzlich zur Aufrechterhaltung der Zertifizierungen zu folgenden Ma\u00dfnahmen:<\/p>\n\n\n\n<ul class=\"wp-block-list list square\">\n<li>die Innovation seiner Produkte zu \u00fcberdenken, unter Ber\u00fccksichtigung der Auswirkungen auf die Umwelt<\/li>\n\n\n\n<li>seine Abf\u00e4lle zu trennen und zu recyceln, um die Umweltbelastung zu minimieren<\/li>\n\n\n\n<li>seine Energieeffizienz zu verbessern, indem es t\u00e4glich Energie spart und diese beim Kauf von Produktionsmitteln ber\u00fccksichtigt<\/li>\n<\/ul>\n<\/div><\/div>\n","protected":false},"excerpt":{"rendered":"<p>ISO 14001: Garant f\u00fcr die Umweltleistung Diese Norm konzentriert sich [&hellip;]<\/p>\n","protected":false},"author":1,"featured_media":0,"parent":4801,"menu_order":6,"comment_status":"closed","ping_status":"closed","template":"template-pages\/page-devdurable-interne.php","meta":{"_acf_changed":false,"footnotes":""},"class_list":["post-4952","page","type-page","status-publish","hentry"],"acf":[],"_links":{"self":[{"href":"https:\/\/www.fpsa.com\/de\/wp-json\/wp\/v2\/pages\/4952","targetHints":{"allow":["GET"]}}],"collection":[{"href":"https:\/\/www.fpsa.com\/de\/wp-json\/wp\/v2\/pages"}],"about":[{"href":"https:\/\/www.fpsa.com\/de\/wp-json\/wp\/v2\/types\/page"}],"author":[{"embeddable":true,"href":"https:\/\/www.fpsa.com\/de\/wp-json\/wp\/v2\/users\/1"}],"replies":[{"embeddable":true,"href":"https:\/\/www.fpsa.com\/de\/wp-json\/wp\/v2\/comments?post=4952"}],"version-history":[{"count":1,"href":"https:\/\/www.fpsa.com\/de\/wp-json\/wp\/v2\/pages\/4952\/revisions"}],"predecessor-version":[{"id":4954,"href":"https:\/\/www.fpsa.com\/de\/wp-json\/wp\/v2\/pages\/4952\/revisions\/4954"}],"up":[{"embeddable":true,"href":"https:\/\/www.fpsa.com\/de\/wp-json\/wp\/v2\/pages\/4801"}],"wp:attachment":[{"href":"https:\/\/www.fpsa.com\/de\/wp-json\/wp\/v2\/media?parent=4952"}],"curies":[{"name":"wp","href":"https:\/\/api.w.org\/{rel}","templated":true}]}}