{"id":4949,"date":"2023-09-14T15:22:06","date_gmt":"2023-09-14T13:22:06","guid":{"rendered":"https:\/\/www.fpsa.com\/ein-nachhaltiger-entwicklungsansatz\/des-produits-de-puericulture-adherant-aux-normes-de-securite-environnementale\/"},"modified":"2024-10-09T15:34:12","modified_gmt":"2024-10-09T13:34:12","slug":"des-produits-de-puericulture-adherant-aux-normes-de-securite-environnementale","status":"publish","type":"page","link":"https:\/\/www.fpsa.com\/de\/ein-nachhaltiger-entwicklungsansatz\/des-produits-de-puericulture-adherant-aux-normes-de-securite-environnementale\/","title":{"rendered":"Produkte f\u00fcr die Kinderpflege, die den Umwelt- und Sicherheitsnormen entsprechen"},"content":{"rendered":"\n<figure class=\"wp-block-image size-full bg_top_int_dev_durable\"><img loading=\"lazy\" decoding=\"async\" width=\"1965\" height=\"911\" src=\"https:\/\/www.fpsa.com\/wp-content\/uploads\/fpsa-developpement-durable.jpg\" alt=\"fpsa-developpement-durable\" class=\"wp-image-4298\" srcset=\"https:\/\/www.fpsa.com\/wp-content\/uploads\/fpsa-developpement-durable.jpg 1965w, https:\/\/www.fpsa.com\/wp-content\/uploads\/fpsa-developpement-durable-300x139.jpg 300w, https:\/\/www.fpsa.com\/wp-content\/uploads\/fpsa-developpement-durable-1024x475.jpg 1024w, https:\/\/www.fpsa.com\/wp-content\/uploads\/fpsa-developpement-durable-768x356.jpg 768w, https:\/\/www.fpsa.com\/wp-content\/uploads\/fpsa-developpement-durable-1536x712.jpg 1536w\" sizes=\"auto, (max-width: 1965px) 100vw, 1965px\" \/><\/figure>\n\n\n\n<div class=\"wp-block-group wrap_int_dev_durable\"><div class=\"wp-block-group__inner-container is-layout-constrained wp-block-group-is-layout-constrained\">\n<h1 class=\"wp-block-heading\">Produkte f\u00fcr die Kinderpflege, die den Umwelt- und Sicherheitsnormen entsprechen<\/h1>\n\n\n\n<p>Unsere Produkte im Bereich der Kinderpflege garantieren die Einhaltung der umwelt- und gesundheitlichen Anforderungen, die f\u00fcr diesen Sektor charakteristisch sind.<\/p>\n\n\n\n<p><strong>Einige Beispiele f\u00fcr unsere Produkte:<\/strong><\/p>\n\n\n\n<div class=\"wp-block-columns is-layout-flex wp-container-core-columns-is-layout-9d6595d7 wp-block-columns-is-layout-flex\">\n<div class=\"wp-block-column is-layout-flow wp-block-column-is-layout-flow\">\n<figure class=\"wp-block-image size-full\"><img loading=\"lazy\" decoding=\"async\" width=\"800\" height=\"800\" src=\"https:\/\/www.fpsa.com\/wp-content\/uploads\/bol-alimentaire-plastique-puericulture.jpg\" alt=\"Bol alimentaire plastique pu\u00e9riculture\" class=\"wp-image-650\" srcset=\"https:\/\/www.fpsa.com\/wp-content\/uploads\/bol-alimentaire-plastique-puericulture.jpg 800w, https:\/\/www.fpsa.com\/wp-content\/uploads\/bol-alimentaire-plastique-puericulture-150x150.jpg 150w, https:\/\/www.fpsa.com\/wp-content\/uploads\/bol-alimentaire-plastique-puericulture-300x300.jpg 300w, https:\/\/www.fpsa.com\/wp-content\/uploads\/bol-alimentaire-plastique-puericulture-768x768.jpg 768w\" sizes=\"auto, (max-width: 800px) 100vw, 800px\" \/><\/figure>\n\n\n\n<div style=\"height:15px\" aria-hidden=\"true\" class=\"wp-block-spacer\"><\/div>\n\n\n\n<p class=\"has-text-align-center\"><strong>Auslaufsichere Schalen f\u00fcr die Zubereitung von Babynahrung<\/strong><\/p>\n<\/div>\n\n\n\n<div class=\"wp-block-column is-layout-flow wp-block-column-is-layout-flow\">\n<figure class=\"wp-block-image size-full\"><img loading=\"lazy\" decoding=\"async\" width=\"800\" height=\"800\" src=\"https:\/\/www.fpsa.com\/wp-content\/uploads\/seche-biberon-pour-puericulture.jpg\" alt=\"S\u00e9che biberon pour pu\u00e9riculture\" class=\"wp-image-635\" srcset=\"https:\/\/www.fpsa.com\/wp-content\/uploads\/seche-biberon-pour-puericulture.jpg 800w, https:\/\/www.fpsa.com\/wp-content\/uploads\/seche-biberon-pour-puericulture-150x150.jpg 150w, https:\/\/www.fpsa.com\/wp-content\/uploads\/seche-biberon-pour-puericulture-300x300.jpg 300w, https:\/\/www.fpsa.com\/wp-content\/uploads\/seche-biberon-pour-puericulture-768x768.jpg 768w\" sizes=\"auto, (max-width: 800px) 100vw, 800px\" \/><\/figure>\n\n\n\n<div style=\"height:15px\" aria-hidden=\"true\" class=\"wp-block-spacer\"><\/div>\n\n\n\n<p class=\"has-text-align-center\"><strong>Flaschenst\u00e4nder zum Trocknen von Babyflaschen<\/strong><\/p>\n<\/div>\n\n\n\n<div class=\"wp-block-column is-layout-flow wp-block-column-is-layout-flow\">\n<figure class=\"wp-block-image size-full\"><img loading=\"lazy\" decoding=\"async\" width=\"800\" height=\"800\" src=\"https:\/\/www.fpsa.com\/wp-content\/uploads\/mini-sterilisateur-pour-sucette-enfant-puericulture.jpg\" alt=\"Mini st\u00e9rilisateur pour sucette enfant pu\u00e9riculture\" class=\"wp-image-629\" srcset=\"https:\/\/www.fpsa.com\/wp-content\/uploads\/mini-sterilisateur-pour-sucette-enfant-puericulture.jpg 800w, https:\/\/www.fpsa.com\/wp-content\/uploads\/mini-sterilisateur-pour-sucette-enfant-puericulture-150x150.jpg 150w, https:\/\/www.fpsa.com\/wp-content\/uploads\/mini-sterilisateur-pour-sucette-enfant-puericulture-300x300.jpg 300w, https:\/\/www.fpsa.com\/wp-content\/uploads\/mini-sterilisateur-pour-sucette-enfant-puericulture-768x768.jpg 768w\" sizes=\"auto, (max-width: 800px) 100vw, 800px\" \/><\/figure>\n\n\n\n<div style=\"height:15px\" aria-hidden=\"true\" class=\"wp-block-spacer\"><\/div>\n\n\n\n<p class=\"has-text-align-center\"><strong>Sterilisatoren f\u00fcr Babyflaschen und Schnuller f\u00fcr eine vollst\u00e4ndige Desinfektion und garantierte Sauberkeit der Babys<\/strong><\/p>\n<\/div>\n<\/div>\n\n\n\n<div style=\"height:30px\" aria-hidden=\"true\" class=\"wp-block-spacer\"><\/div>\n\n\n\n<div class=\"wp-block-buttons align-center is-content-justification-center is-layout-flex wp-container-core-buttons-is-layout-16018d1d wp-block-buttons-is-layout-flex\">\n<div class=\"wp-block-button\"><a class=\"wp-block-button__link wp-element-button\" href=\"https:\/\/www.fpsa.com\/de\/kundenuniversum\/spritzguss-kunststoffverarbeitung-fuer-die-kinderpflege\/\"><strong>Entdecken Sie unsere Fallstudie<\/strong><\/a><\/div>\n<\/div>\n<\/div><\/div>\n","protected":false},"excerpt":{"rendered":"<p>Produkte f\u00fcr die Kinderpflege, die den Umwelt- und Sicherheitsnormen entsprechen [&hellip;]<\/p>\n","protected":false},"author":1,"featured_media":0,"parent":4801,"menu_order":2,"comment_status":"closed","ping_status":"closed","template":"template-pages\/page-devdurable-interne.php","meta":{"_acf_changed":false,"footnotes":""},"class_list":["post-4949","page","type-page","status-publish","hentry"],"acf":[],"_links":{"self":[{"href":"https:\/\/www.fpsa.com\/de\/wp-json\/wp\/v2\/pages\/4949","targetHints":{"allow":["GET"]}}],"collection":[{"href":"https:\/\/www.fpsa.com\/de\/wp-json\/wp\/v2\/pages"}],"about":[{"href":"https:\/\/www.fpsa.com\/de\/wp-json\/wp\/v2\/types\/page"}],"author":[{"embeddable":true,"href":"https:\/\/www.fpsa.com\/de\/wp-json\/wp\/v2\/users\/1"}],"replies":[{"embeddable":true,"href":"https:\/\/www.fpsa.com\/de\/wp-json\/wp\/v2\/comments?post=4949"}],"version-history":[{"count":1,"href":"https:\/\/www.fpsa.com\/de\/wp-json\/wp\/v2\/pages\/4949\/revisions"}],"predecessor-version":[{"id":4951,"href":"https:\/\/www.fpsa.com\/de\/wp-json\/wp\/v2\/pages\/4949\/revisions\/4951"}],"up":[{"embeddable":true,"href":"https:\/\/www.fpsa.com\/de\/wp-json\/wp\/v2\/pages\/4801"}],"wp:attachment":[{"href":"https:\/\/www.fpsa.com\/de\/wp-json\/wp\/v2\/media?parent=4949"}],"curies":[{"name":"wp","href":"https:\/\/api.w.org\/{rel}","templated":true}]}}