{"id":1994,"date":"2019-06-26T15:15:24","date_gmt":"2019-06-26T13:15:24","guid":{"rendered":"https:\/\/www.fpsa.com\/?page_id=1994"},"modified":"2020-02-26T11:11:29","modified_gmt":"2020-02-26T10:11:29","slug":"spritzguss-kunststoffverarbeitung-fuer-die-kinderpflege","status":"publish","type":"page","link":"https:\/\/www.fpsa.com\/de\/kundenuniversum\/spritzguss-kunststoffverarbeitung-fuer-die-kinderpflege\/","title":{"rendered":"Spritzguss &#038; Kunststoffverarbeitung f\u00fcr die Kinderpflege"},"content":{"rendered":"\n<div class=\"wp-block-columns has-2-columns bloc-col-univ-t1 pink is-layout-flex wp-container-core-columns-is-layout-9d6595d7 wp-block-columns-is-layout-flex\">\n<div class=\"wp-block-column bloc-col-univ-t1__media is-layout-flow wp-block-column-is-layout-flow\">\n<figure class=\"wp-block-image\"><img loading=\"lazy\" decoding=\"async\" width=\"534\" height=\"800\" src=\"https:\/\/www.fpsa.com\/wp-content\/uploads\/production-piece-aspect-esthetique.jpg\" alt=\"Production de pi\u00e8ce d'aspect esth\u00e9tique en injection plastique pour l'industrie de la pu\u00e9riculture\" class=\"wp-image-1258\" srcset=\"https:\/\/www.fpsa.com\/wp-content\/uploads\/production-piece-aspect-esthetique.jpg 534w, https:\/\/www.fpsa.com\/wp-content\/uploads\/production-piece-aspect-esthetique-200x300.jpg 200w\" sizes=\"auto, (max-width: 534px) 100vw, 534px\" \/><\/figure>\n<\/div>\n\n\n\n<div class=\"wp-block-column bloc-col-univ-t1__text is-layout-flow wp-block-column-is-layout-flow\">\n<h2 class=\"wp-block-heading\">Gestaltung Neuer Produkte in Ihrem Erscheinungsbild<\/h2>\n\n\n\n<p>Wir widmen unsere ganze Aufmerksamkeit und unser Know-how der Herstellung von <strong>leistungsstarkem Kinderpflegezubeh\u00f6r<\/strong>.<\/p>\n\n\n\n<p>Wir garantieren die <strong>strikte <a href=\"https:\/\/www.fpsa.com\/de\/unser-bekenntnis-zur-qualitat\/\">Einhaltung der normativen Anforderungen<\/a><\/strong> und die <strong>Umweltsicherheit<\/strong> unserer Produkte.<\/p>\n\n\n\n<p>Einige Beispiele:<\/p>\n\n\n\n<ul class=\"list square wp-block-list\"><li><strong>Hermetisch verschlossene Beh\u00e4lter<\/strong> f\u00fcr Babynahrungszubereitung<\/li><li><strong>Kunststoff-Geschirrutensilien<\/strong> f\u00fcr Babys<\/li><li><strong>Flaschen- und Schnuller-Sterilisatoren<\/strong> f\u00fcr bessere Hygiene und Sauberkeit f\u00fcr Kleinkinder<\/li><li><strong>Reduziereins\u00e4tze f\u00fcr Baby-WCs<\/strong> und andere Kinderpflegeprodukte aus Kunststoff, gem\u00e4\u00df Verbraucheranforderung und angepasst an den Bedarf der Kinder<\/li><\/ul>\n\n\n\n<p>Unsere Forschungs- und <strong><a href=\"https:\/\/www.fpsa.com\/de\/unser-know-how\/\">Entwicklungsabteilung<\/a> <\/strong>sowie die <strong><a href=\"https:\/\/www.fpsa.com\/de\/unser-know-how\/\">Marketing-Innovation<\/a><\/strong>, die sich aus Experten und Enthusiasten zusammensetzen, k\u00f6nnen Ihnen Ideen und L\u00f6sungen f\u00fcr die <strong>Gestaltung neuer Produkte liefern<\/strong>.<\/p>\n<\/div>\n<\/div>\n\n\n\n<div class=\"wp-block-columns has-2-columns bloc-col-univ-t2 is-layout-flex wp-container-core-columns-is-layout-9d6595d7 wp-block-columns-is-layout-flex\">\n<div class=\"wp-block-column bloc-col-univ-t2__text is-layout-flow wp-block-column-is-layout-flow\">\n<h2 class=\"wp-block-heading\">Eine Vollst\u00e4ndige Betreuung<\/h2>\n\n\n\n<p>FPSA bietet Ihnen <a href=\"https:\/\/www.fpsa.com\/de\/unser-know-how\/\">ein Management Ihres Projekts von A bis Z<\/a>, von der Konzeption \u00fcber die <strong>Industrialisierung<\/strong> bis hin zur <strong>Verpackung<\/strong>.<\/p>\n\n\n\n<p class=\"mt20\"><a class=\"btn_default\" href=\"https:\/\/www.fpsa.com\/wp-content\/uploads\/plaquette-fpsa.pdf\" target=\"_blank\" rel=\"noreferrer noopener\">Laden Sie Unsere Brosch\u00fcre herunter<\/a><\/p>\n<\/div>\n\n\n\n<div class=\"wp-block-column bloc-col-univ-t2__media is-layout-flow wp-block-column-is-layout-flow\">\n<figure class=\"wp-block-image\"><img loading=\"lazy\" decoding=\"async\" width=\"700\" height=\"500\" src=\"https:\/\/www.fpsa.com\/wp-content\/uploads\/expertise-solution-personnalisee.jpg\" alt=\"Dank des Fachwissens von FPSA k\u00f6nnen Sie von einer ma\u00dfgeschneiderten L\u00f6sung f\u00fcr Ihre Thermoplast-Spritzgussprojekte profitieren.\" class=\"wp-image-1623\" srcset=\"https:\/\/www.fpsa.com\/wp-content\/uploads\/expertise-solution-personnalisee.jpg 700w, https:\/\/www.fpsa.com\/wp-content\/uploads\/expertise-solution-personnalisee-300x214.jpg 300w\" sizes=\"auto, (max-width: 700px) 100vw, 700px\" \/><\/figure>\n<\/div>\n<\/div>\n\n\n\n<div class=\"wp-block-columns has-2-columns bloc-col-univ-t3 pink is-layout-flex wp-container-core-columns-is-layout-9d6595d7 wp-block-columns-is-layout-flex\">\n<div class=\"wp-block-column bloc-col-univ-t3__media is-layout-flow wp-block-column-is-layout-flow\">\n<figure class=\"wp-block-image\"><img loading=\"lazy\" decoding=\"async\" width=\"700\" height=\"555\" src=\"https:\/\/www.fpsa.com\/wp-content\/uploads\/creation-puericulture.jpg\" alt=\"Haben Sie eine Vorstellung f\u00fcr die Konzeption von Kinderpflegemitteln? FPSA entwickelt sie f\u00fcr Sie und mit Ihnen, unter Ber\u00fccksichtigung der f\u00fcr die Herstellung dieser Artikel notwendigen Anforderungen.\" class=\"wp-image-1648\" srcset=\"https:\/\/www.fpsa.com\/wp-content\/uploads\/creation-puericulture.jpg 700w, https:\/\/www.fpsa.com\/wp-content\/uploads\/creation-puericulture-300x238.jpg 300w, https:\/\/www.fpsa.com\/wp-content\/uploads\/creation-puericulture-630x500.jpg 630w\" sizes=\"auto, (max-width: 700px) 100vw, 700px\" \/><\/figure>\n<\/div>\n\n\n\n<div class=\"wp-block-column bloc-col-univ-t3__text is-layout-flow wp-block-column-is-layout-flow\">\n<h2 class=\"wp-block-heading\">Konzeption von Kinderpflegemitteln <\/h2>\n\n\n\n<p>Sie haben eine Vorstellung f\u00fcr eine Konzeption? Wir entwickeln sie <strong>f\u00fcr Sie<\/strong> und <strong>mit Ihnen<\/strong>, unter Ber\u00fccksichtigung der f\u00fcr die Herstellung dieser Artikel notwendigen Anforderungen.<\/p>\n\n\n\n<ul class=\"list square wp-block-list\"><li><strong>Designvorschlag<\/strong>, der Praktikabilit\u00e4t und 2-in-1-Funktionen kombiniert<\/li><li><strong>Verwendung von Kunststoffprodukten<\/strong> mit lebensmittelgeeigneten Materialien, die alle Sicherheitskriterien f\u00fcr ein Baby erf\u00fcllen<\/li><li><strong>Realisierung von Konzepten<\/strong>, die einen Mehrwert schaffen und Sie mit g\u00fcnstigen Preisen von der Konkurrenz abheben<\/li><li><strong>Konformit\u00e4ts\u00fcberwachung<\/strong> nach Produkt und R\u00fcckverfolgbarkeit von Produktionschargen<\/li><li><strong>Vollst\u00e4ndiges Projektmanagement<\/strong> und gebrauchsfertige Lieferung<\/li><\/ul>\n<\/div>\n<\/div>\n\n\n\n<h2 class=\"has-text-align-left titre-galerie wp-block-heading\">Unsere Leistungen im Bereich der Kunststoffeinspritzung in der Kinderpflege<\/h2>\n\n\n\n<p class=\"has-text-align-left texte-galerie\">Entdecken Sie Beispiele f\u00fcr unser Know-how bei der Herstellung von <strong>technischen Teilen f\u00fcr die Kinderpflege<\/strong> auf Kunststoff- oder Zinkbasis.<\/p>\n\n\n\n<p class=\"ctn-btn_default link-galerie\"><a href=\"https:\/\/www.fpsa.com\/de\/anforderung-von-informationen\/?univers=kinderpflege\">Informationen anfordern<\/a><\/p>\n\n\n\n<figure class=\"wp-block-gallery columns-1 is-cropped slider-gallery wp-block-gallery-1 is-layout-flex wp-block-gallery-is-layout-flex\"><ul class=\"blocks-gallery-grid\"><li class=\"blocks-gallery-item\"><figure><a href=\"https:\/\/www.fpsa.com\/wp-content\/uploads\/seche-biberon-pour-puericulture.jpg\"><img loading=\"lazy\" decoding=\"async\" width=\"800\" height=\"800\" src=\"https:\/\/www.fpsa.com\/wp-content\/uploads\/seche-biberon-pour-puericulture.jpg\" alt=\"S\u00e9che biberon pour pu\u00e9riculture\" data-id=\"635\" data-link=\"https:\/\/www.fpsa.com\/seche-biberon-pour-puericulture\/\" class=\"wp-image-637\" srcset=\"https:\/\/www.fpsa.com\/wp-content\/uploads\/seche-biberon-pour-puericulture.jpg 800w, https:\/\/www.fpsa.com\/wp-content\/uploads\/seche-biberon-pour-puericulture-150x150.jpg 150w, https:\/\/www.fpsa.com\/wp-content\/uploads\/seche-biberon-pour-puericulture-300x300.jpg 300w, https:\/\/www.fpsa.com\/wp-content\/uploads\/seche-biberon-pour-puericulture-768x768.jpg 768w\" sizes=\"auto, (max-width: 800px) 100vw, 800px\" \/><\/a><figcaption class=\"blocks-gallery-item__caption\">Flaschentrockner f\u00fcr die Kinderbetreuung<\/figcaption><\/figure><\/li><li class=\"blocks-gallery-item\"><figure><a href=\"https:\/\/www.fpsa.com\/wp-content\/uploads\/mini-sterilisateur-pour-sucette-enfant-puericulture.jpg\"><img loading=\"lazy\" decoding=\"async\" width=\"800\" height=\"800\" src=\"https:\/\/www.fpsa.com\/wp-content\/uploads\/mini-sterilisateur-pour-sucette-enfant-puericulture.jpg\" alt=\"Mini st\u00e9rilisateur pour sucette enfant pu\u00e9riculture\" data-id=\"629\" data-link=\"https:\/\/www.fpsa.com\/mini-sterilisateur-pour-sucette-enfant-puericulture\/\" class=\"wp-image-631\" srcset=\"https:\/\/www.fpsa.com\/wp-content\/uploads\/mini-sterilisateur-pour-sucette-enfant-puericulture.jpg 800w, https:\/\/www.fpsa.com\/wp-content\/uploads\/mini-sterilisateur-pour-sucette-enfant-puericulture-150x150.jpg 150w, https:\/\/www.fpsa.com\/wp-content\/uploads\/mini-sterilisateur-pour-sucette-enfant-puericulture-300x300.jpg 300w, https:\/\/www.fpsa.com\/wp-content\/uploads\/mini-sterilisateur-pour-sucette-enfant-puericulture-768x768.jpg 768w\" sizes=\"auto, (max-width: 800px) 100vw, 800px\" \/><\/a><figcaption class=\"blocks-gallery-item__caption\">Mini-Sterilisator f\u00fcr Baby-Schnuller<\/figcaption><\/figure><\/li><li class=\"blocks-gallery-item\"><figure><a href=\"https:\/\/www.fpsa.com\/wp-content\/uploads\/baby-food-container---Recipient-bol-alimentaire-nomade-plastique.jpg\"><img loading=\"lazy\" decoding=\"async\" width=\"800\" height=\"800\" src=\"https:\/\/www.fpsa.com\/wp-content\/uploads\/baby-food-container---Recipient-bol-alimentaire-nomade-plastique.jpg\" alt=\"Baby Food Container\" data-id=\"623\" data-link=\"https:\/\/www.fpsa.com\/baby-food-container-recipient-bol-alimentaire-nomade-plastique\/\" class=\"wp-image-625\" srcset=\"https:\/\/www.fpsa.com\/wp-content\/uploads\/baby-food-container---Recipient-bol-alimentaire-nomade-plastique.jpg 800w, https:\/\/www.fpsa.com\/wp-content\/uploads\/baby-food-container---Recipient-bol-alimentaire-nomade-plastique-150x150.jpg 150w, https:\/\/www.fpsa.com\/wp-content\/uploads\/baby-food-container---Recipient-bol-alimentaire-nomade-plastique-300x300.jpg 300w, https:\/\/www.fpsa.com\/wp-content\/uploads\/baby-food-container---Recipient-bol-alimentaire-nomade-plastique-768x768.jpg 768w\" sizes=\"auto, (max-width: 800px) 100vw, 800px\" \/><\/a><figcaption class=\"blocks-gallery-item__caption\">Beh\u00e4lter f\u00fcr Babynahrung<\/figcaption><\/figure><\/li><li class=\"blocks-gallery-item\"><figure><a href=\"https:\/\/www.fpsa.com\/wp-content\/uploads\/bol-alimentaire-plastique-puericulture.jpg\"><img loading=\"lazy\" decoding=\"async\" width=\"800\" height=\"800\" src=\"https:\/\/www.fpsa.com\/wp-content\/uploads\/bol-alimentaire-plastique-puericulture.jpg\" alt=\"Bol alimentaire plastique pu\u00e9riculture\" data-id=\"650\" data-link=\"https:\/\/www.fpsa.com\/bol-alimentaire-plastique-puericulture\/\" class=\"wp-image-652\" srcset=\"https:\/\/www.fpsa.com\/wp-content\/uploads\/bol-alimentaire-plastique-puericulture.jpg 800w, https:\/\/www.fpsa.com\/wp-content\/uploads\/bol-alimentaire-plastique-puericulture-150x150.jpg 150w, https:\/\/www.fpsa.com\/wp-content\/uploads\/bol-alimentaire-plastique-puericulture-300x300.jpg 300w, https:\/\/www.fpsa.com\/wp-content\/uploads\/bol-alimentaire-plastique-puericulture-768x768.jpg 768w\" sizes=\"auto, (max-width: 800px) 100vw, 800px\" \/><\/a><figcaption class=\"blocks-gallery-item__caption\">Plastiksch\u00fcssel f\u00fcr Kinder<\/figcaption><\/figure><\/li><li class=\"blocks-gallery-item\"><figure><a href=\"https:\/\/www.fpsa.com\/wp-content\/uploads\/sterilisateur-puericulture-pour-6-biberons.jpg\"><img loading=\"lazy\" decoding=\"async\" width=\"800\" height=\"800\" src=\"https:\/\/www.fpsa.com\/wp-content\/uploads\/sterilisateur-puericulture-pour-6-biberons.jpg\" alt=\"St\u00e9rilisateur pu\u00e9riculture pour 6 biberons\" data-id=\"647\" data-link=\"https:\/\/www.fpsa.com\/sterilisateur-puericulture-pour-6-biberons\/\" class=\"wp-image-649\" srcset=\"https:\/\/www.fpsa.com\/wp-content\/uploads\/sterilisateur-puericulture-pour-6-biberons.jpg 800w, https:\/\/www.fpsa.com\/wp-content\/uploads\/sterilisateur-puericulture-pour-6-biberons-150x150.jpg 150w, https:\/\/www.fpsa.com\/wp-content\/uploads\/sterilisateur-puericulture-pour-6-biberons-300x300.jpg 300w, https:\/\/www.fpsa.com\/wp-content\/uploads\/sterilisateur-puericulture-pour-6-biberons-768x768.jpg 768w\" sizes=\"auto, (max-width: 800px) 100vw, 800px\" \/><\/a><figcaption class=\"blocks-gallery-item__caption\">Sterilisator f\u00fcr 6 Flaschen<\/figcaption><\/figure><\/li><li class=\"blocks-gallery-item\"><figure><a href=\"https:\/\/www.fpsa.com\/wp-content\/uploads\/reducteur-wc-pour-enfant-puericulture.jpg\"><img loading=\"lazy\" decoding=\"async\" width=\"800\" height=\"800\" src=\"https:\/\/www.fpsa.com\/wp-content\/uploads\/reducteur-wc-pour-enfant-puericulture.jpg\" alt=\"R\u00e9ducteur WC pour enfant pu\u00e9riculture\" data-id=\"620\" data-link=\"https:\/\/www.fpsa.com\/reducteur-wc-pour-enfant-puericulture\/\" class=\"wp-image-622\" srcset=\"https:\/\/www.fpsa.com\/wp-content\/uploads\/reducteur-wc-pour-enfant-puericulture.jpg 800w, https:\/\/www.fpsa.com\/wp-content\/uploads\/reducteur-wc-pour-enfant-puericulture-150x150.jpg 150w, https:\/\/www.fpsa.com\/wp-content\/uploads\/reducteur-wc-pour-enfant-puericulture-300x300.jpg 300w, https:\/\/www.fpsa.com\/wp-content\/uploads\/reducteur-wc-pour-enfant-puericulture-768x768.jpg 768w\" sizes=\"auto, (max-width: 800px) 100vw, 800px\" \/><\/a><figcaption class=\"blocks-gallery-item__caption\">Toiletten-Reduzierer f\u00fcr eine Kindertoilette<\/figcaption><\/figure><\/li><\/ul><\/figure>\n\n\n\n<div class=\"wp-block-media-text alignwide zone-img-bg mt100\"><figure class=\"wp-block-media-text__media\"><img loading=\"lazy\" decoding=\"async\" width=\"1024\" height=\"386\" src=\"https:\/\/www.fpsa.com\/wp-content\/uploads\/\/rituel-quotidien-production-logistique-1024x386.jpg\" alt=\"Als Spezialist f\u00fcr Thermoplast-Spritzguss und Zamak-Druckguss liegt FPSA abseits der ausgetretenen Pfade.\" class=\"wp-image-1188\" srcset=\"https:\/\/www.fpsa.com\/wp-content\/uploads\/rituel-quotidien-production-logistique-1024x386.jpg 1024w, https:\/\/www.fpsa.com\/wp-content\/uploads\/rituel-quotidien-production-logistique-300x113.jpg 300w, https:\/\/www.fpsa.com\/wp-content\/uploads\/rituel-quotidien-production-logistique-768x290.jpg 768w, https:\/\/www.fpsa.com\/wp-content\/uploads\/rituel-quotidien-production-logistique.jpg 1968w\" sizes=\"auto, (max-width: 1024px) 100vw, 1024px\" \/><\/figure><div class=\"wp-block-media-text__content\">\n<h2 class=\"wp-block-heading\">KONTAKT FPSA<\/h2>\n\n\n\n<p>Unser spezialisiertes Team ist auf das Gie\u00dfen von Kunststoffteilen spezialisiert und kann Sie bei der Herstellung Ihrer einzigartigen Kinderbetreuungsartikel beraten und begleiten.<\/p>\n\n\n\n<p>Haben Sie ein Projekt? Lassen Sie uns gemeinsam dar\u00fcber reden!Haben Sie ein Projekt? Lassen Sie uns gemeinsam dar\u00fcber reden!<\/p>\n\n\n\n<p><a class=\"btn_default\" href=\"https:\/\/www.fpsa.com\/de\/kontakt\/\">Kontaktieren Sie uns<\/a><\/p>\n<\/div><\/div>\n","protected":false},"excerpt":{"rendered":"<p>Die Herstellung von Kunststoffprodukten f\u00fcr Babys und Kleinkinder erfordert besondere Aufmerksamkeit, da die Normen sehr streng sind.<\/p>\n","protected":false},"author":1,"featured_media":694,"parent":2027,"menu_order":44,"comment_status":"closed","ping_status":"closed","template":"template-pages\/page-univers.php","meta":{"_acf_changed":false,"footnotes":""},"class_list":["post-1994","page","type-page","status-publish","has-post-thumbnail","hentry"],"acf":[],"_links":{"self":[{"href":"https:\/\/www.fpsa.com\/de\/wp-json\/wp\/v2\/pages\/1994","targetHints":{"allow":["GET"]}}],"collection":[{"href":"https:\/\/www.fpsa.com\/de\/wp-json\/wp\/v2\/pages"}],"about":[{"href":"https:\/\/www.fpsa.com\/de\/wp-json\/wp\/v2\/types\/page"}],"author":[{"embeddable":true,"href":"https:\/\/www.fpsa.com\/de\/wp-json\/wp\/v2\/users\/1"}],"replies":[{"embeddable":true,"href":"https:\/\/www.fpsa.com\/de\/wp-json\/wp\/v2\/comments?post=1994"}],"version-history":[{"count":5,"href":"https:\/\/www.fpsa.com\/de\/wp-json\/wp\/v2\/pages\/1994\/revisions"}],"predecessor-version":[{"id":2431,"href":"https:\/\/www.fpsa.com\/de\/wp-json\/wp\/v2\/pages\/1994\/revisions\/2431"}],"up":[{"embeddable":true,"href":"https:\/\/www.fpsa.com\/de\/wp-json\/wp\/v2\/pages\/2027"}],"wp:featuredmedia":[{"embeddable":true,"href":"https:\/\/www.fpsa.com\/de\/wp-json\/wp\/v2\/media\/694"}],"wp:attachment":[{"href":"https:\/\/www.fpsa.com\/de\/wp-json\/wp\/v2\/media?parent=1994"}],"curies":[{"name":"wp","href":"https:\/\/api.w.org\/{rel}","templated":true}]}}