{"id":1979,"date":"2019-06-26T14:55:19","date_gmt":"2019-06-26T12:55:19","guid":{"rendered":"https:\/\/www.fpsa.com\/?page_id=1979"},"modified":"2021-02-15T14:50:20","modified_gmt":"2021-02-15T13:50:20","slug":"spritzguss-kunststoffverarbeitung-fuer-die-automobilindustrie","status":"publish","type":"page","link":"https:\/\/www.fpsa.com\/de\/kundenuniversum\/spritzguss-kunststoffverarbeitung-fuer-die-automobilindustrie\/","title":{"rendered":"Spritzguss &#038; Kunststoffverarbeitung f\u00fcr die Automobilindustrie"},"content":{"rendered":"\n<div class=\"wp-block-columns has-2-columns bloc-col-univ-t1 yellow is-layout-flex wp-container-core-columns-is-layout-9d6595d7 wp-block-columns-is-layout-flex\">\n<div class=\"wp-block-column bloc-col-univ-t1__media is-layout-flow wp-block-column-is-layout-flow\">\n<figure class=\"wp-block-image\"><img loading=\"lazy\" decoding=\"async\" width=\"534\" height=\"800\" src=\"https:\/\/www.fpsa.com\/wp-content\/uploads\/depose-de-graisse-en-automatique-fpsa-oyonnax.jpg\" alt=\"Automatisches Einfetten f\u00fcr die Kunststoffeinspritzung in der Automobilindustrie\" class=\"wp-image-1238\" srcset=\"https:\/\/www.fpsa.com\/wp-content\/uploads\/depose-de-graisse-en-automatique-fpsa-oyonnax.jpg 534w, https:\/\/www.fpsa.com\/wp-content\/uploads\/depose-de-graisse-en-automatique-fpsa-oyonnax-200x300.jpg 200w\" sizes=\"auto, (max-width: 534px) 100vw, 534px\" \/><\/figure>\n<\/div>\n\n\n\n<div class=\"wp-block-column bloc-col-univ-t1__text is-layout-flow wp-block-column-is-layout-flow\">\n<h2 class=\"wp-block-heading\">Technische Teile f\u00fcr alle ihre Bed\u00fcrfnisse<\/h2>\n\n\n\n<p class=\"chapo-parag\">Die Schaffung Ihrer neuen Kunststoffprodukte f\u00fcr die Automobilindustrie ist unsere Motivation.<\/p>\n\n\n\n<p>Modernste Technologie erm\u00f6glicht uns die Herstellung von einzigartigen Teilen, die an Ihre W\u00fcnsche angepasst sind:<\/p>\n\n\n\n<ul class=\"list square wp-block-list\"><li><strong>Kunststoffverformung<\/strong><\/li><li>Kunststoff-<strong>Spritzgussmaschinen<\/strong><\/li><li><strong>Thermoplastischer Spritzguss<\/strong><\/li><li>Vollautomatische <strong>Montagelinie<\/strong><\/li><li><strong>3D-Druck<\/strong> f\u00fcr Kunststoffteile<\/li><li><strong>Conformal Cooling<\/strong><\/li><\/ul>\n\n\n\n<p>Angetrieben von einer leistungsstarken Forschungs- und Entwicklungsabteilung unterst\u00fctzt Sie unser <a href=\"https:\/\/www.fpsa.com\/de\/unsere-geschichte-unsere-identitat-unsere-vision\/\">kunststoffverarbeitender Betrieb<\/a> bei all Ihren Innovationen.<\/p>\n<\/div>\n<\/div>\n\n\n\n<div class=\"wp-block-columns has-2-columns bloc-col-univ-t2 is-layout-flex wp-container-core-columns-is-layout-9d6595d7 wp-block-columns-is-layout-flex\">\n<div class=\"wp-block-column bloc-col-univ-t2__text is-layout-flow wp-block-column-is-layout-flow\">\n<h2 class=\"wp-block-heading\">Zamakdruckguss<\/h2>\n\n\n\n<p>Wir produzieren auch Teile mit der <strong>ZAMAK-Druckgusstechnik<\/strong> (Bearbeitung von Teilen aus Zinklegierung), die das Zusammenf\u00fcgen von zwei Materialien erm\u00f6glicht.<\/p>\n\n\n\n<p>Vom <a href=\"https:\/\/www.fpsa.com\/de\/unser-know-how\/\">Design bis zur Industrialisierung<\/a> ist FPSA der <strong>bevorzugte Ansprechpartner<\/strong> f\u00fcr die Realisierung Ihres Kunststoffteils, das in der Automobilindustrie von morgen eingesetzt wird.<\/p>\n\n\n\n<p class=\"ctn-btn_default mt20\"><a href=\"https:\/\/www.fpsa.com\/wp-content\/uploads\/plaquette-fpsa.pdf\">Laden Sie unsere Brosch\u00fcre herunter<\/a><\/p>\n<\/div>\n\n\n\n<div class=\"wp-block-column bloc-col-univ-t2__media is-layout-flow wp-block-column-is-layout-flow\">\n<figure class=\"wp-block-image\"><img loading=\"lazy\" decoding=\"async\" width=\"534\" height=\"319\" src=\"https:\/\/www.fpsa.com\/wp-content\/uploads\/four-de-pression-zamac-en-chambre-chaude-FPSA-oyonnax.jpg\" alt=\"Zamakdruckguss\" class=\"wp-image-1209\" srcset=\"https:\/\/www.fpsa.com\/wp-content\/uploads\/four-de-pression-zamac-en-chambre-chaude-FPSA-oyonnax.jpg 534w, https:\/\/www.fpsa.com\/wp-content\/uploads\/four-de-pression-zamac-en-chambre-chaude-FPSA-oyonnax-300x179.jpg 300w\" sizes=\"auto, (max-width: 534px) 100vw, 534px\" \/><\/figure>\n<\/div>\n<\/div>\n\n\n\n<div class=\"wp-block-columns has-2-columns bloc-col-univ-t3 is-layout-flex wp-container-core-columns-is-layout-9d6595d7 wp-block-columns-is-layout-flex\">\n<div class=\"wp-block-column bloc-col-univ-t3__media is-layout-flow wp-block-column-is-layout-flow\">\n<figure class=\"wp-block-image\"><img loading=\"lazy\" decoding=\"async\" width=\"700\" height=\"555\" src=\"https:\/\/www.fpsa.com\/wp-content\/uploads\/fpsa-responsabilite-societale.jpg\" alt=\"Als innovatives und engagiertes Unternehmen hat FPSA eine Abteilung f\u00fcr Umweltqualit\u00e4t und Sicherheit entwickelt.\" class=\"wp-image-1591\" srcset=\"https:\/\/www.fpsa.com\/wp-content\/uploads\/fpsa-responsabilite-societale.jpg 700w, https:\/\/www.fpsa.com\/wp-content\/uploads\/fpsa-responsabilite-societale-300x238.jpg 300w, https:\/\/www.fpsa.com\/wp-content\/uploads\/fpsa-responsabilite-societale-630x500.jpg 630w\" sizes=\"auto, (max-width: 700px) 100vw, 700px\" \/><\/figure>\n<\/div>\n\n\n\n<div class=\"wp-block-column bloc-col-univ-t3__text is-layout-flow wp-block-column-is-layout-flow\">\n<h2 class=\"wp-block-heading\">Normen<\/h2>\n\n\n\n<div class=\"wp-block-image\"><figure class=\"alignright\"><a href=\"https:\/\/www2.ecovadis.com\" target=\"_blank\" rel=\"noreferrer noopener\"><img loading=\"lazy\" decoding=\"async\" width=\"150\" height=\"149\" src=\"https:\/\/www.fpsa.com\/wp-content\/uploads\/fpsa-ecovadis-silver.png\" alt=\"La notation Ecovadis permet de mesurer la Responsabilit\u00e9 Soci\u00e9tale des Entreprises (RSE) en termes de d\u00e9veloppement durable et d'\u00e9thique sociale.\" class=\"wp-image-1586\"\/><\/a><\/figure><\/div>\n\n\n\n<p>Nous sommes fiers de la notation \u00ab silver \u00bb attribu\u00e9e par la plateforme <a href=\"https:\/\/www2.ecovadis.com\" target=\"_blank\" rel=\"noreferrer noopener\" aria-label=\"EcoVadis (s\u2019ouvre dans un nouvel onglet)\">EcoVadis<\/a>. Elle permet de mesurer la Responsabilit\u00e9 Soci\u00e9tale des Entreprises (RSE) en termes de d\u00e9veloppement durable et d&#8217;\u00e9thique sociale.<\/p>\n\n\n\n<p>Als innovatives und engagiertes Unternehmen hat FPSA eine Abteilung f\u00fcr Umweltqualit\u00e4t und Sicherheit entwickelt. Als Garant f\u00fcr unsere <a href=\"https:\/\/www.fpsa.com\/de\/unser-bekenntnis-zur-qualitat\/\">Arbeitsweise<\/a> stellt dieser engagierte Service sicher, dass die Werte des Unternehmens respektiert werden, um die gr\u00f6\u00dfte Zufriedenheit unserer Kunden zu erreichen.<\/p>\n\n\n\n<p>Ziel des Unternehmens ist es, die FPSA-Gruppe bis Ende 2021 f\u00fcr die <strong>IATF 16949<\/strong> zu qualifizieren.<\/p>\n\n\n\n<p class=\"ctn-btn_default mt20\"><a href=\"https:\/\/www.fpsa.com\/de\/unser-bekenntnis-zur-qualitat\/\">Entdecken Sie Unser Qualit\u00e4tsengagement <\/a><\/p>\n<\/div>\n<\/div>\n\n\n\n<h2 class=\"has-text-align-left titre-galerie wp-block-heading\">Unsere Leistungen im Kunststoffspritguss f\u00fcr den Automobilbereich<\/h2>\n\n\n\n<p class=\"has-text-align-left texte-galerie\">Entdecken Sie Beispiele f\u00fcr unser Know-how bei der Herstellung von <strong>technischen Automobilteilen<\/strong> auf&nbsp;Kunststoff- oder Zinkbasis.<\/p>\n\n\n\n<p class=\"ctn-btn_default link-galerie\"><a href=\"https:\/\/www.fpsa.com\/de\/anforderung-von-informationen\/?univers=automobilindustrie\">Informationen anfordern<\/a><\/p>\n\n\n\n<figure class=\"wp-block-gallery columns-1 is-cropped slider-gallery wp-block-gallery-1 is-layout-flex wp-block-gallery-is-layout-flex\"><ul class=\"blocks-gallery-grid\"><li class=\"blocks-gallery-item\"><figure><a href=\"https:\/\/www.fpsa.com\/wp-content\/uploads\/systeme-de-basculement-securite-verrouillage-de-porte-en-cas-accident-automobile.jpg\"><img loading=\"lazy\" decoding=\"async\" width=\"800\" height=\"800\" src=\"https:\/\/www.fpsa.com\/wp-content\/uploads\/systeme-de-basculement-securite-verrouillage-de-porte-en-cas-accident-automobile.jpg\" alt=\"systeme de basculement securite verrouillage de porte en cas accident automobile\" data-id=\"326\" data-link=\"https:\/\/www.fpsa.com\/univers-client\/automobile\/systeme-de-basculement-securite-verrouillage-de-porte-en-cas-accident-automobile\/\" class=\"wp-image-328\" srcset=\"https:\/\/www.fpsa.com\/wp-content\/uploads\/systeme-de-basculement-securite-verrouillage-de-porte-en-cas-accident-automobile.jpg 800w, https:\/\/www.fpsa.com\/wp-content\/uploads\/systeme-de-basculement-securite-verrouillage-de-porte-en-cas-accident-automobile-150x150.jpg 150w, https:\/\/www.fpsa.com\/wp-content\/uploads\/systeme-de-basculement-securite-verrouillage-de-porte-en-cas-accident-automobile-300x300.jpg 300w, https:\/\/www.fpsa.com\/wp-content\/uploads\/systeme-de-basculement-securite-verrouillage-de-porte-en-cas-accident-automobile-768x768.jpg 768w\" sizes=\"auto, (max-width: 800px) 100vw, 800px\" \/><\/a><figcaption class=\"blocks-gallery-item__caption\">Kippsystem Sicherheitst\u00fcrverriegelung bei Autounf\u00e4llen <\/figcaption><\/figure><\/li><li class=\"blocks-gallery-item\"><figure><a href=\"https:\/\/www.fpsa.com\/wp-content\/uploads\/pipette-pour-boitier-de-sortie-eau-sous-capot-moteur-automobile.jpg\"><img loading=\"lazy\" decoding=\"async\" width=\"800\" height=\"800\" src=\"https:\/\/www.fpsa.com\/wp-content\/uploads\/pipette-pour-boitier-de-sortie-eau-sous-capot-moteur-automobile.jpg\" alt=\"pipette pour boitier de sortie eau sous capot moteur automobile\" data-id=\"323\" data-link=\"https:\/\/www.fpsa.com\/univers-client\/automobile\/pipette-pour-boitier-de-sortie-eau-sous-capot-moteur-automobile\/\" class=\"wp-image-325\" srcset=\"https:\/\/www.fpsa.com\/wp-content\/uploads\/pipette-pour-boitier-de-sortie-eau-sous-capot-moteur-automobile.jpg 800w, https:\/\/www.fpsa.com\/wp-content\/uploads\/pipette-pour-boitier-de-sortie-eau-sous-capot-moteur-automobile-150x150.jpg 150w, https:\/\/www.fpsa.com\/wp-content\/uploads\/pipette-pour-boitier-de-sortie-eau-sous-capot-moteur-automobile-300x300.jpg 300w, https:\/\/www.fpsa.com\/wp-content\/uploads\/pipette-pour-boitier-de-sortie-eau-sous-capot-moteur-automobile-768x768.jpg 768w\" sizes=\"auto, (max-width: 800px) 100vw, 800px\" \/><\/a><figcaption class=\"blocks-gallery-item__caption\"><br>Pipette pour boitier de sortie eau sous capot moteur automobile<\/figcaption><\/figure><\/li><li class=\"blocks-gallery-item\"><figure><a href=\"https:\/\/www.fpsa.com\/wp-content\/uploads\/interface-carrosserie-rail-sous-siege-automobile.jpg\"><img loading=\"lazy\" decoding=\"async\" width=\"800\" height=\"800\" src=\"https:\/\/www.fpsa.com\/wp-content\/uploads\/interface-carrosserie-rail-sous-siege-automobile.jpg\" alt=\"interface carrosserie rail sous siege automobile\" data-id=\"320\" data-link=\"https:\/\/www.fpsa.com\/univers-client\/automobile\/interface-carrosserie-rail-sous-siege-automobile\/\" class=\"wp-image-322\" srcset=\"https:\/\/www.fpsa.com\/wp-content\/uploads\/interface-carrosserie-rail-sous-siege-automobile.jpg 800w, https:\/\/www.fpsa.com\/wp-content\/uploads\/interface-carrosserie-rail-sous-siege-automobile-150x150.jpg 150w, https:\/\/www.fpsa.com\/wp-content\/uploads\/interface-carrosserie-rail-sous-siege-automobile-300x300.jpg 300w, https:\/\/www.fpsa.com\/wp-content\/uploads\/interface-carrosserie-rail-sous-siege-automobile-768x768.jpg 768w\" sizes=\"auto, (max-width: 800px) 100vw, 800px\" \/><\/a><figcaption class=\"blocks-gallery-item__caption\"><br>Interface carrosserie rail sous si\u00e8ge automobile<\/figcaption><\/figure><\/li><li class=\"blocks-gallery-item\"><figure><a href=\"https:\/\/www.fpsa.com\/wp-content\/uploads\/antivol-volant-conducteur-automobile.jpg\"><img loading=\"lazy\" decoding=\"async\" width=\"800\" height=\"800\" src=\"https:\/\/www.fpsa.com\/wp-content\/uploads\/antivol-volant-conducteur-automobile.jpg\" alt=\"antivol volant conducteur automobile\" data-id=\"317\" data-link=\"https:\/\/www.fpsa.com\/univers-client\/automobile\/antivol-volant-conducteur-automobile\/\" class=\"wp-image-319\" srcset=\"https:\/\/www.fpsa.com\/wp-content\/uploads\/antivol-volant-conducteur-automobile.jpg 800w, https:\/\/www.fpsa.com\/wp-content\/uploads\/antivol-volant-conducteur-automobile-150x150.jpg 150w, https:\/\/www.fpsa.com\/wp-content\/uploads\/antivol-volant-conducteur-automobile-300x300.jpg 300w, https:\/\/www.fpsa.com\/wp-content\/uploads\/antivol-volant-conducteur-automobile-768x768.jpg 768w\" sizes=\"auto, (max-width: 800px) 100vw, 800px\" \/><\/a><figcaption class=\"blocks-gallery-item__caption\"><br>Antivol volant conducteur automobile<\/figcaption><\/figure><\/li><li class=\"blocks-gallery-item\"><figure><a href=\"https:\/\/www.fpsa.com\/wp-content\/uploads\/systeme-de-mecanique-pour-siege-automobile.jpg\"><img loading=\"lazy\" decoding=\"async\" width=\"800\" height=\"800\" src=\"https:\/\/www.fpsa.com\/wp-content\/uploads\/systeme-de-mecanique-pour-siege-automobile.jpg\" alt=\"systeme de mecanique pour siege automobile\" data-id=\"314\" data-link=\"https:\/\/www.fpsa.com\/univers-client\/automobile\/systeme-de-mecanique-pour-siege-automobile\/\" class=\"wp-image-316\" srcset=\"https:\/\/www.fpsa.com\/wp-content\/uploads\/systeme-de-mecanique-pour-siege-automobile.jpg 800w, https:\/\/www.fpsa.com\/wp-content\/uploads\/systeme-de-mecanique-pour-siege-automobile-150x150.jpg 150w, https:\/\/www.fpsa.com\/wp-content\/uploads\/systeme-de-mecanique-pour-siege-automobile-300x300.jpg 300w, https:\/\/www.fpsa.com\/wp-content\/uploads\/systeme-de-mecanique-pour-siege-automobile-768x768.jpg 768w\" sizes=\"auto, (max-width: 800px) 100vw, 800px\" \/><\/a><figcaption class=\"blocks-gallery-item__caption\"><br>Syst\u00e8me de m\u00e9canique pour si\u00e8ge automobile<\/figcaption><\/figure><\/li><\/ul><\/figure>\n\n\n<p><!--EndFragment--><\/p>","protected":false},"excerpt":{"rendered":"<p>FPSA hat das Vertrauen der Auftraggeber der Automobilindustrie gewonnen, indem man die Durchf\u00fchrung zahlreicher Projekte von A bis Z, vom Design bis zur Industrialisierung, angeboten hat.<\/p>\n","protected":false},"author":1,"featured_media":4999,"parent":2027,"menu_order":36,"comment_status":"closed","ping_status":"closed","template":"template-pages\/page-univers.php","meta":{"_acf_changed":false,"footnotes":""},"class_list":["post-1979","page","type-page","status-publish","has-post-thumbnail","hentry"],"acf":[],"_links":{"self":[{"href":"https:\/\/www.fpsa.com\/de\/wp-json\/wp\/v2\/pages\/1979","targetHints":{"allow":["GET"]}}],"collection":[{"href":"https:\/\/www.fpsa.com\/de\/wp-json\/wp\/v2\/pages"}],"about":[{"href":"https:\/\/www.fpsa.com\/de\/wp-json\/wp\/v2\/types\/page"}],"author":[{"embeddable":true,"href":"https:\/\/www.fpsa.com\/de\/wp-json\/wp\/v2\/users\/1"}],"replies":[{"embeddable":true,"href":"https:\/\/www.fpsa.com\/de\/wp-json\/wp\/v2\/comments?post=1979"}],"version-history":[{"count":5,"href":"https:\/\/www.fpsa.com\/de\/wp-json\/wp\/v2\/pages\/1979\/revisions"}],"predecessor-version":[{"id":2681,"href":"https:\/\/www.fpsa.com\/de\/wp-json\/wp\/v2\/pages\/1979\/revisions\/2681"}],"up":[{"embeddable":true,"href":"https:\/\/www.fpsa.com\/de\/wp-json\/wp\/v2\/pages\/2027"}],"wp:featuredmedia":[{"embeddable":true,"href":"https:\/\/www.fpsa.com\/de\/wp-json\/wp\/v2\/media\/4999"}],"wp:attachment":[{"href":"https:\/\/www.fpsa.com\/de\/wp-json\/wp\/v2\/media?parent=1979"}],"curies":[{"name":"wp","href":"https:\/\/api.w.org\/{rel}","templated":true}]}}