{"id":1970,"date":"2019-06-26T11:03:28","date_gmt":"2019-06-26T09:03:28","guid":{"rendered":"https:\/\/www.fpsa.com\/unsere-geschichte-unsere-identitat-unsere-vision\/"},"modified":"2025-03-13T17:11:17","modified_gmt":"2025-03-13T16:11:17","slug":"unsere-geschichte-unsere-identitat-unsere-vision","status":"publish","type":"page","link":"https:\/\/www.fpsa.com\/de\/unsere-geschichte-unsere-identitat-unsere-vision\/","title":{"rendered":"Unsere Geschichte, unsere Identit\u00e4t, unsere Vision"},"content":{"rendered":"\n<div class=\"wp-block-columns has-2-columns ctn-bloc-flex is-layout-flex wp-container-core-columns-is-layout-9d6595d7 wp-block-columns-is-layout-flex\">\n<div class=\"wp-block-column bloc-txt-flex is-layout-flow wp-block-column-is-layout-flow\">\n<h2 class=\"wp-block-heading\" id=\"mce_27\">Die Gr\u00fcndung des Unternehmens<\/h2>\n\n\n\n<p class=\"chapo-parag\">Ein kleiner Schritt zur\u00fcck in die Vergangenheit: die <strong>Firma FPSA<\/strong> wurde im Herzen des \u201e<strong>plastic valley<\/strong>\u201c geboren, der franz\u00f6sischen Wiege dieser Branche seit den 1930er Jahren.<\/p>\n\n\n\n<p>Die Geschichte begann 1981, als Herr Paul SEIGNEMARTIN \u201eVater&#8220; seine T\u00e4tigkeit mit dem Kauf eines kleinen Kunststoffverarbeitungs-Betriebs, der Firma INNOCENTI, mit Sitz in Veyziat (Gemeinde Oyonnax) startete.<\/p>\n\n\n\n<p>Im folgenden Jahr gr\u00fcndete er das Unternehmen FPHB, Fonderie de Pr\u00e9cision du Haut-Bugey mit Sitz in Bellignat, Kanton Oyonnax-Sud.<\/p>\n\n\n\n<p>Paul SEIGNEMARTIN sieht darin selbstverst\u00e4ndlich eine St\u00e4rke, indem er seinen Kunden die Synergie der beiden Berufe <strong>Zamak-Druckguss<\/strong> und <strong>Thermoplast-Spritzguss<\/strong> anbietet.<\/p>\n\n\n\n<p><a class=\"btn_default green transitions\" href=\"https:\/\/www.fpsa.com\/de\/unser-know-how\/\">Erfahren Sie mehr \u00fcber unser Know-how<\/a><\/p>\n<\/div>\n\n\n\n<div class=\"wp-block-column bloc-img-flex contain is-layout-flow wp-block-column-is-layout-flow\">\n<figure class=\"wp-block-image\"><img loading=\"lazy\" decoding=\"async\" width=\"488\" height=\"415\" src=\"https:\/\/www.fpsa.com\/wp-content\/uploads\/logo-fpsa-oyonnax-1.jpg\" alt=\"FPSA - Unsere Geschichte, unsere Identit\u00e4t, unsere Vision\" class=\"wp-image-1176\" srcset=\"https:\/\/www.fpsa.com\/wp-content\/uploads\/logo-fpsa-oyonnax-1.jpg 488w, https:\/\/www.fpsa.com\/wp-content\/uploads\/logo-fpsa-oyonnax-1-300x255.jpg 300w\" sizes=\"auto, (max-width: 488px) 100vw, 488px\" \/><\/figure>\n<\/div>\n<\/div>\n\n\n\n<div style=\"height:100px\" aria-hidden=\"true\" class=\"wp-block-spacer\"><\/div>\n\n\n\n<h2 class=\"wp-block-heading bloc-chiffre\">FPSA in Zahlen<\/h2>\n\n\n\n<div class=\"wp-block-columns has-3-columns bloc-chiffre is-layout-flex wp-container-core-columns-is-layout-9d6595d7 wp-block-columns-is-layout-flex\">\n<div class=\"wp-block-column is-layout-flow wp-block-column-is-layout-flow\">\n<p class=\"chiffre\">3 % <\/p>\n\n\n\n<p>Prozentsatz der j\u00e4hrlichen Investitionen <\/p>\n\n\n\n<p>(in Prozent vom Umsatz)<\/p>\n<\/div>\n\n\n\n<div class=\"wp-block-column is-layout-flow wp-block-column-is-layout-flow\">\n<p class=\"chiffre\">25 %<\/p>\n\n\n\n<p>Prozentualer Exportanteil<\/p>\n\n\n\n<p> am Umsatz<\/p>\n<\/div>\n\n\n\n<div class=\"wp-block-column is-layout-flow wp-block-column-is-layout-flow\">\n<p class=\"chiffre\">135 <\/p>\n\n\n\n<p>Anzahl der Mitarbeiter <\/p>\n\n\n\n<p>der Gruppe<\/p>\n<\/div>\n<\/div>\n\n\n\n<div class=\"wp-block-columns has-3-columns bloc-chiffre is-layout-flex wp-container-core-columns-is-layout-9d6595d7 wp-block-columns-is-layout-flex\">\n<div class=\"wp-block-column is-layout-flow wp-block-column-is-layout-flow\">\n<p class=\"chiffre\">21 Mio. \u20ac<\/p>\n\n\n\n<p>Umsatz <\/p>\n\n\n\n<p>Gruppe 2023<\/p>\n<\/div>\n\n\n\n<div class=\"wp-block-column is-layout-flow wp-block-column-is-layout-flow\">\n<p class=\"chiffre\">2<\/p>\n\n\n\n<p>Industriestandorte <\/p>\n\n\n\n<p>in West- und Osteuropa<\/p>\n<\/div>\n\n\n\n<div class=\"wp-block-column is-layout-flow wp-block-column-is-layout-flow\">\n<p class=\"chiffre\">52<\/p>\n\n\n\n<p>Kunststoffspritzpressen <\/p>\n\n\n\n<p>(einschlie\u00dflich 4 Zamak-Druckgusspressen)<\/p>\n\n\n\n<figure class=\"wp-block-image size-full\"><img loading=\"lazy\" decoding=\"async\" width=\"20\" height=\"20\" src=\"https:\/\/www.fpsa.com\/wp-content\/uploads\/image.png\" alt=\"\" class=\"wp-image-4590\"\/><\/figure>\n<\/div>\n<\/div>\n\n\n\n<div style=\"height:50px\" aria-hidden=\"true\" class=\"wp-block-spacer bloc-chiffre\"><\/div>\n\n\n\n<h2 class=\"wp-block-heading mb60\">Die Entwicklung der Firma <\/h2>\n\n\n\n<div id=\"history\">\n<ul class=\"history-nav\">\n<li><a class=\"transitions\" href=\"#date-1\"><span class=\"date-item\">1997<\/span><\/a><\/li>\n<li><a class=\"transitions\" href=\"#date-2\"><span class=\"date-item\">1999<\/span><\/a><\/li>\n<li><a class=\"transitions\" href=\"#date-3\"><span class=\"date-item\">2004<\/span><\/a><\/li>\n<li><a class=\"transitions\" href=\"#date-4\"><span class=\"date-item\">2009<\/span><\/a><\/li>\n<\/ul>\n<div id=\"date-1\" class=\"history-content\">\n<div class=\"date-item\">1997<\/div>\n<h3>Zusammenlegung der Unternehmen<\/h3>\nAngetrieben vom Wachstum der M\u00e4rkte, hat Paul SEIGNEMARTIN 1997 die Zusammenlegung der Kunststoff- und Gie\u00dfereiaktivit\u00e4ten auf einer Fl\u00e4che von 4.500 m2 vollzogen.<\/div>\n<div id=\"date-2\" class=\"history-content\">\n<div class=\"date-item\">1999<\/div>\n<h3>Produktionsmodernisierung<\/h3>\n1999 trat der \u00e4lteste Sohn von Paul SEIGNEMARTIN, Eric, in die Firma ein, mit der Hauptaufgabe, das Standortwachstum und die Modernisierung des Produktionsmanagements und der Produktionsabl\u00e4ufe zu unterst\u00fctzen.<\/div>\n<div id=\"date-3\" class=\"history-content\">\n<div class=\"date-item\">2004<\/div>\n<h3>Entwicklungs- und Vertriebseinheit<\/h3>\n<p>F\u00fcnf Jahre sp\u00e4ter \u00fcbertrug Paul SEIGNEMARTIN seinem j\u00fcngsten Sohn Olivier die Aufgabe, die Entwicklungs- und Vertriebs-Gesch\u00e4ftseinheit zu strukturieren und damit die M\u00e4rkte besser zu gliedern.<\/p>\n<p>Herr SEIGNEMARTIN Vater hat dann seine Unternehmen INNOCENTI, FPHB und FPSA unter einer einzigen Gesch\u00e4ftseinheit zusammengefasst: Fonderie Plasturgie Seignemartin Associ\u00e9s.<\/p>\n<\/div>\n<div id=\"date-4\" class=\"history-content\">\n<div class=\"date-item\">2009<\/div>\n<h3>F\u00fchrungswechsel<\/h3>\n<p class=\"chapo-parag\">2009 war das Jahr des F\u00fchrungswechsels mit den beiden S\u00f6hnen Eric und Olivier SEIGNEMARTIN.<\/p>\n<p>Das Unternehmen, das in ein neues, v\u00f6llig &#8222;\u00fcberarbeitetes&#8220; Grafikdesign gekleidet war, erlebte 2009 seine erste gro\u00dfe Wirtschaftskrise und zwang Eric und Olivier, sich auf ein besser geeignetes Modell zuzubewegen, mit einer menschlichen Organisation, die ausgebildet und bereit war, St\u00fcrmen standzuhalten!<\/p>\n<p>Nach dem R\u00fcckgang der Aktivit\u00e4ten im Jahr 2009 blieben die beiden Br\u00fcder weiterhin motiviert in den Teams und konsolidierten durch einen neuen Standort den Start einer &#8222;Business Unit&#8220; in Rum\u00e4nien: TDC srl.<\/p>\n<a class=\"btn_default more-link transitions\">Die Diversifizierung<\/a>\n<div class=\"more-hide\">\n<p>Die Wahl der Diversifizierung schien f\u00fcr die beiden Br\u00fcder unvermeidlich, die sich entschieden hatten, folgendes gleichzeitig zu schaffen:<\/p>\n<ul class=\"list square blue\">\n<li>Ein Kompetenzzentrum <strong>sub-contracting<\/strong> als Reaktion auf die Automobil- und Industriekunden von FPSA, die nun in Ost- und Westeuropa pr\u00e4sent sind. <\/li>\n<li>Eine neue Abteilung <strong>Gesundheit &amp; Wellness<\/strong>, um sich auf die Einf\u00fchrung einer Reihe eigener Produkte im medizinischen und Kinderbetreuungsbereich vorzubereiten.<\/li>\n<\/ul>\n<p>Eine neue Unternehmensmarke wurde durch das neue FPSA SAS-Team geboren, das neue Werte und Dienstleistungen pr\u00e4sentiert, die sich an neuen Horizonten orientieren, mit dem Wunsch, operative Exzellenz mit industrieller Leistung zu verbinden.<\/p>\n<\/div>\n<\/div>\n<\/div>\n\n\n\n<div style=\"height:100px\" aria-hidden=\"true\" class=\"wp-block-spacer\"><\/div>\n\n\n\n<div class=\"wp-block-media-text alignwide zone-img-bg\"><figure class=\"wp-block-media-text__media\"><img loading=\"lazy\" decoding=\"async\" width=\"1024\" height=\"386\" src=\"https:\/\/www.fpsa.com\/wp-content\/uploads\/\/rituel-quotidien-production-logistique-1024x386.jpg\" alt=\"Sp\u00e9cialiste de l\u2019injection thermoplastique et de la fonderie sous pression zamac, FPSA sort des sentiers battus\" class=\"wp-image-1188 size-full\" srcset=\"https:\/\/www.fpsa.com\/wp-content\/uploads\/rituel-quotidien-production-logistique-1024x386.jpg 1024w, https:\/\/www.fpsa.com\/wp-content\/uploads\/rituel-quotidien-production-logistique-300x113.jpg 300w, https:\/\/www.fpsa.com\/wp-content\/uploads\/rituel-quotidien-production-logistique-768x290.jpg 768w, https:\/\/www.fpsa.com\/wp-content\/uploads\/rituel-quotidien-production-logistique.jpg 1968w\" sizes=\"auto, (max-width: 1024px) 100vw, 1024px\" \/><\/figure><div class=\"wp-block-media-text__content\">\n<p class=\"before-quote\">Frei, abseits der ausgetretenen Pfade gehen zu wollen, frei, uns selbst \u00fcbertreffen zu wollen, frei zu denken, dass alles m\u00f6glich ist, frei, nicht im gleichen Alter zu sein \u2013 jedem seine eigene Erfahrung!<\/p>\n\n\n\n<p class=\"after-quote\">Es ist unsere Andersartigkeit, die uns komplement\u00e4r macht, die all unseren Reichtum macht und die morgen unsere St\u00e4rke ausmachen wird. <\/p>\n\n\n\n<p><a href=\"https:\/\/www.fpsa.com\/de\/schliesen-sie-sich-dem-team-an\/\" class=\"btn_default\">Schlie\u00dfen Sie sich uns an<\/a><\/p>\n<\/div><\/div>\n","protected":false},"excerpt":{"rendered":"<p>Die Gr\u00fcndung des Unternehmens Ein kleiner Schritt zur\u00fcck in die [&hellip;]<\/p>\n","protected":false},"author":1,"featured_media":643,"parent":0,"menu_order":58,"comment_status":"closed","ping_status":"closed","template":"","meta":{"_acf_changed":false,"footnotes":""},"class_list":["post-1970","page","type-page","status-publish","has-post-thumbnail","hentry"],"acf":[],"_links":{"self":[{"href":"https:\/\/www.fpsa.com\/de\/wp-json\/wp\/v2\/pages\/1970","targetHints":{"allow":["GET"]}}],"collection":[{"href":"https:\/\/www.fpsa.com\/de\/wp-json\/wp\/v2\/pages"}],"about":[{"href":"https:\/\/www.fpsa.com\/de\/wp-json\/wp\/v2\/types\/page"}],"author":[{"embeddable":true,"href":"https:\/\/www.fpsa.com\/de\/wp-json\/wp\/v2\/users\/1"}],"replies":[{"embeddable":true,"href":"https:\/\/www.fpsa.com\/de\/wp-json\/wp\/v2\/comments?post=1970"}],"version-history":[{"count":5,"href":"https:\/\/www.fpsa.com\/de\/wp-json\/wp\/v2\/pages\/1970\/revisions"}],"predecessor-version":[{"id":5141,"href":"https:\/\/www.fpsa.com\/de\/wp-json\/wp\/v2\/pages\/1970\/revisions\/5141"}],"wp:featuredmedia":[{"embeddable":true,"href":"https:\/\/www.fpsa.com\/de\/wp-json\/wp\/v2\/media\/643"}],"wp:attachment":[{"href":"https:\/\/www.fpsa.com\/de\/wp-json\/wp\/v2\/media?parent=1970"}],"curies":[{"name":"wp","href":"https:\/\/api.w.org\/{rel}","templated":true}]}}