{"id":1968,"date":"2019-06-26T10:35:58","date_gmt":"2019-06-26T08:35:58","guid":{"rendered":"https:\/\/www.fpsa.com\/unser-know-how\/"},"modified":"2024-04-24T09:23:53","modified_gmt":"2024-04-24T07:23:53","slug":"unser-know-how","status":"publish","type":"page","link":"https:\/\/www.fpsa.com\/de\/unser-know-how\/","title":{"rendered":"Unser Know-how"},"content":{"rendered":"\n<div class=\"wp-block-media-text alignwide has-media-on-the-right is-stacked-on-mobile\"><div class=\"wp-block-media-text__content\">\n<h2 class=\"wp-block-heading\" id=\"mce_3\">Unsere Ausr\u00fcstung<\/h2>\n\n\n\n<ul class=\"tabs wp-block-list\">\n<li><strong>Produktion<\/strong>\n<ul class=\"wp-block-list\">\n<li>Werkshalle Kunststoff\n<ul class=\"wp-block-list\">\n<li>22 Spritzgusspressen von 80 bis 320 t f\u00fcr Frankreich<br> <\/li>\n\n\n\n<li>30 Spritzgusspressen von 50 bis 380 t f\u00fcr Rum\u00e4nien  <\/li>\n<\/ul>\n<\/li>\n\n\n\n<li>Werkshalle Gie\u00dferei\n<ul class=\"wp-block-list\">\n<li>4 Gie\u00dferei-Spritzpressen von 25 bis 80 t f\u00fcr Frankreich <br>   <\/li>\n<\/ul>\n<\/li>\n<\/ul>\n<\/li>\n\n\n\n<li><strong>Qualit\u00e4t<\/strong>\n<ul class=\"wp-block-list\">\n<li>Messtechnik\n<ul class=\"wp-block-list\">\n<li>3D Maschine<br> <\/li>\n\n\n\n<li>3D-Video-Vision-Smartscope<br> <\/li>\n\n\n\n<li>Management von Pr\u00fcfvorrichtungen und -einrichtungen  <\/li>\n<\/ul>\n<\/li>\n<\/ul>\n<\/li>\n\n\n\n<li><strong>Recherche et d\u00e9veloppement<\/strong>\n<ul class=\"wp-block-list\">\n<li>FPSA hat ein Team von Spezialisten f\u00fcr Spritzguss, Gie\u00dferei und Kunststoff, mit einem Konstruktionsb\u00fcro bestehend aus:\n<ul class=\"wp-block-list\">\n<li>2 Projektleiter<br> <\/li>\n\n\n\n<li>Ein CAD-Designer (Computer Aided Design auf CATIA V5)<\/li>\n\n\n\n<li>Ein Experte f\u00fcr Spritzgusswerkzeuge<\/li>\n\n\n\n<li>Ein Industrialisierungs- und Prozessmanager <\/li>\n\n\n\n<li>Ein Designer f\u00fcr unsere Roboter-Greifh\u00e4nde<\/li>\n\n\n\n<li>Ein 100% integriertes Messtechnik-Managementsystem<\/li>\n\n\n\n<li>Eine Abteilung f\u00fcr Zulassungsangelegenheiten  <\/li>\n<\/ul>\n<\/li>\n<\/ul>\n<\/li>\n\n\n\n<li><strong>Werkshalle<\/strong>\n<ul class=\"wp-block-list\">\n<li>Eine Werkstatt zur Wartung der Werkzeuge<br> <\/li>\n\n\n\n<li>Eine Montage- und Konfektionswerkstatt (Rum\u00e4nien) <br> <\/li>\n\n\n\n<li>Eine Dekorationswerkstatt (Oberfl\u00e4chen) (Rum\u00e4nien) <\/li>\n<\/ul>\n<\/li>\n<\/ul>\n<\/div><figure class=\"wp-block-media-text__media\"><img loading=\"lazy\" decoding=\"async\" width=\"534\" height=\"800\" src=\"https:\/\/www.fpsa.com\/wp-content\/uploads\/fonction-complete-avec-controle-zero-defaut-FPSA-oyonnax.jpg\" alt=\"De la conception \u00e0 l'industrialisation, FPSA vous accompagne dans votre projet de pi\u00e8ces techniques plastiques ou en alliage de zinc.\" class=\"wp-image-1202 size-full\" srcset=\"https:\/\/www.fpsa.com\/wp-content\/uploads\/fonction-complete-avec-controle-zero-defaut-FPSA-oyonnax.jpg 534w, https:\/\/www.fpsa.com\/wp-content\/uploads\/fonction-complete-avec-controle-zero-defaut-FPSA-oyonnax-200x300.jpg 200w\" sizes=\"auto, (max-width: 534px) 100vw, 534px\" \/><\/figure><\/div>\n\n\n\n<div class=\"wp-block-columns has-2-columns is-layout-flex wp-container-core-columns-is-layout-9d6595d7 wp-block-columns-is-layout-flex\">\n<div class=\"wp-block-column is-layout-flow wp-block-column-is-layout-flow\">\n<div style=\"height:100px\" aria-hidden=\"true\" class=\"wp-block-spacer\"><\/div>\n\n\n\n<figure class=\"wp-block-image\"><img loading=\"lazy\" decoding=\"async\" width=\"534\" height=\"319\" src=\"https:\/\/www.fpsa.com\/wp-content\/uploads\/four-de-pression-zamac-en-chambre-chaude-FPSA-oyonnax.jpg\" alt=\"Druckguss von Zinklegierungen \" class=\"wp-image-1207\" srcset=\"https:\/\/www.fpsa.com\/wp-content\/uploads\/four-de-pression-zamac-en-chambre-chaude-FPSA-oyonnax.jpg 534w, https:\/\/www.fpsa.com\/wp-content\/uploads\/four-de-pression-zamac-en-chambre-chaude-FPSA-oyonnax-300x179.jpg 300w\" sizes=\"auto, (max-width: 534px) 100vw, 534px\" \/><\/figure>\n\n\n\n<figure class=\"wp-block-image\"><img loading=\"lazy\" decoding=\"async\" width=\"534\" height=\"319\" src=\"https:\/\/www.fpsa.com\/wp-content\/uploads\/piece-finie-apres-assemblage-et-controle-automatique-par-la-machine-1.jpg\" alt=\"Einspritzung von Thermoplasten \" class=\"wp-image-1210\" srcset=\"https:\/\/www.fpsa.com\/wp-content\/uploads\/piece-finie-apres-assemblage-et-controle-automatique-par-la-machine-1.jpg 534w, https:\/\/www.fpsa.com\/wp-content\/uploads\/piece-finie-apres-assemblage-et-controle-automatique-par-la-machine-1-300x179.jpg 300w\" sizes=\"auto, (max-width: 534px) 100vw, 534px\" \/><\/figure>\n<\/div>\n\n\n\n<div class=\"wp-block-column is-layout-flow wp-block-column-is-layout-flow\">\n<h2 class=\"wp-block-heading\">Unsere Gesch\u00e4ftsfelder <\/h2>\n\n\n\n<h3 class=\"wp-block-heading\"><strong>DRUCKGUSS VON ZINKLEGIERUNGEN (ZAMAK)<\/strong><\/h3>\n\n\n\n<p>Der Druckguss von Zinklegierungen, auch Zamak genannt, wird in vielen Bereichen verwendet und erm\u00f6glicht die Fertigung d\u00fcnner und \/ oder komplexer Formteile.<\/p>\n\n\n\n<p>Zamak ist eine Legierung, die haupts\u00e4chlich aus Zink mit einem sehr geringen Anteil an Zink besteht :<\/p>\n\n\n\n<ul class=\"list square wp-block-list\">\n<li>Aluminium<\/li>\n\n\n\n<li>Magnesium<\/li>\n\n\n\n<li>Kupfer<\/li>\n<\/ul>\n\n\n\n<p class=\"btn_default more-link\">Die Vorteile von Zamak <\/p>\n\n\n\n<ul class=\"more-hide list square wp-block-list\">\n<li>Werkzeuge mit hoher Produktivit\u00e4t und hoher Lebensdauer<\/li>\n\n\n\n<li>Geringe Wartungskosten &#8211; Pr\u00e4zise Toleranzen (Schwindung 1\/1000)<\/li>\n\n\n\n<li>Reduzierte Zykluszeit<\/li>\n\n\n\n<li>Korrosionsbest\u00e4ndigkeit<\/li>\n\n\n\n<li>Hervorragende mechanische Eigenschaften<\/li>\n\n\n\n<li>Leistungsstarker elektromagnetischer Schutz<\/li>\n<\/ul>\n\n\n\n<h3 class=\"wp-block-heading\"><strong>KUNSTSTOFFVERARBEITUNG DURCH SPRITZGUSS VON THERMOPLASTEN<\/strong><\/h3>\n\n\n\n<p>Die Kunststoffverarbeitung durch Spritzguss erm\u00f6glicht es, in einem Arbeitsgang Fertigteile mit komplexen Formen in einem Gewichtsbereich von wenigen Gramm bis zu mehreren Kilogramm zu erhalten.<\/p>\n\n\n\n<p>Der Einspritzprozess erm\u00f6glicht die gleichzeitige Herstellung mehrerer Teile in einem Werkzeug, aber auch die gleichzeitige Konstruktion eines Teils aus mehreren Materialien.<\/p>\n\n\n\n<p class=\"btn_default more-link\">Die vorteile des spritzgusses von Thermoplasten<\/p>\n\n\n\n<ul class=\"more-hide list square wp-block-list\">\n<li>Werkzeuge mit hoher Produktivit\u00e4t und hoher Lebensdauer<\/li>\n\n\n\n<li>Gewichtseinsparung an den Teilen<\/li>\n\n\n\n<li>Konstruktion von Teilen mit komplexen Formen <\/li>\n\n\n\n<li>Fertigteil direkt aus der Form, ohne dass eine Nacharbeit oder Nachbearbeitung erforderlich ist<\/li>\n\n\n\n<li>M\u00f6glichkeit der Einspritzung in biogene oder biologisch abbaubare Materialien<\/li>\n\n\n\n<li>Hervorragende mechanische Eigenschaften<\/li>\n<\/ul>\n<\/div>\n<\/div>\n\n\n\n<p><\/p>\n\n\n\n<div class=\"wp-block-columns has-3-columns is-layout-flex wp-container-core-columns-is-layout-9d6595d7 wp-block-columns-is-layout-flex\">\n<div class=\"wp-block-column is-layout-flow wp-block-column-is-layout-flow\">\n<h2 class=\"wp-block-heading\" id=\"mce_8\">Unsere damit verbundenen Dienstleistungen<\/h2>\n\n\n\n<div style=\"height:100px\" aria-hidden=\"true\" class=\"wp-block-spacer\"><\/div>\n\n\n\n<h3 class=\"wp-block-heading\"><strong>ZIELE<\/strong><\/h3>\n\n\n\n<ul class=\"list square wp-block-list\">\n<li>Es Ihnen zu erm\u00f6glichen, die Herstellung Ihres Produkts zu optimieren und die Produktionsrentabilit\u00e4t zu gew\u00e4hrleisten.<\/li>\n<li>Produktivit\u00e4tssteigerungen zu erzielen, Ihnen aber auch die Sicherheit einer kompletten industriellen L\u00f6sung zu bieten.<\/li>\n<li>Ihnen engagierte Teams zur Verf\u00fcgung zu stellen, die in spezifischen Projektgruppen f\u00fcr die Konzeption Ihrer Produkte organisiert sind.<\/li>\n<\/ul>\n<br><br><a href=\"\/fpsa-et-le-developpement-collaboratif\/\" class=\"btn_default\">FPSA et le d\u00e9veloppement collaboratif<\/a>\n<\/div>\n\n\n\n<div class=\"wp-block-column is-layout-flow wp-block-column-is-layout-flow\">\n<div style=\"height:100px\" aria-hidden=\"true\" class=\"wp-block-spacer\"><\/div>\n\n\n\n<figure class=\"wp-block-image\"><img loading=\"lazy\" decoding=\"async\" width=\"534\" height=\"800\" src=\"https:\/\/www.fpsa.com\/wp-content\/uploads\/controle-par-capteur-de-pression-int\u00e9gr\u00e9-dans-les-outillages.jpg\" alt=\"Kontrolle durch im Werkzeug integrierte Drucksensoren \" class=\"wp-image-698\" srcset=\"https:\/\/www.fpsa.com\/wp-content\/uploads\/controle-par-capteur-de-pression-int\u00e9gr\u00e9-dans-les-outillages.jpg 534w, https:\/\/www.fpsa.com\/wp-content\/uploads\/controle-par-capteur-de-pression-int\u00e9gr\u00e9-dans-les-outillages-200x300.jpg 200w\" sizes=\"auto, (max-width: 534px) 100vw, 534px\" \/><\/figure>\n<\/div>\n\n\n\n<div class=\"wp-block-column is-layout-flow wp-block-column-is-layout-flow\">\n<blockquote class=\"wp-block-quote is-layout-flow wp-block-quote-is-layout-flow\">\n<p>Mehrere Dienstleistungen und immer ein einziger Ansprechpartner: Sparen Sie Zeit, die FPSA k\u00fcmmert sich um alles!<\/p>\n<\/blockquote>\n\n\n\n<ul class=\"accordion-title wp-block-list\">\n<li><br><img loading=\"lazy\" decoding=\"async\" width=\"50\" height=\"48\" class=\"wp-image-831\" style=\"width: 50px;\" src=\"https:\/\/www.fpsa.com\/wp-content\/uploads\/tools.png\" alt=\"Herstellung von Werkzeugen\"><a href=\"#accordion-realisation\"><strong>Herstellung von Werkzeugen<\/strong><br>Mehr erfahren<\/a><br><\/li>\n\n\n\n<li><br><img loading=\"lazy\" decoding=\"async\" width=\"50\" height=\"50\" class=\"wp-image-825\" style=\"width: 50px;\" src=\"https:\/\/www.fpsa.com\/wp-content\/uploads\/box.png\" alt=\"Teile-Endbearbeitung und -Veredelung \"><a href=\"#accordion-finition\"><strong>Teile-Endbearbeitung und -Veredelung <\/strong><br>Mehr erfahren<\/a><br><\/li>\n\n\n\n<li><br><img loading=\"lazy\" decoding=\"async\" width=\"50\" height=\"50\" class=\"wp-image-828\" style=\"width: 50px;\" src=\"https:\/\/www.fpsa.com\/wp-content\/uploads\/machinery.png\" alt=\"Verpackung &amp; Verpackungsprodukte\"><a href=\"#accordion-emballage\"><strong>Verpackung &amp; Verpackungsprodukte<\/strong><br>Mehr erfahren<\/a><br><\/li>\n<\/ul>\n<\/div>\n<\/div>\n\n\n\n<h3 class=\"wp-block-heading accordion-realisation more-accordion\"><strong>HERSTELLUNG DER WERKZEUGE<\/strong><\/h3>\n\n\n\n<ul class=\"list accordion-realisation more-accordion wp-block-list\">\n<li>Gleichzeitig sind die Werkzeuge auf maximale Effizienz in Bezug auf Zykluszeit und Zuverl\u00e4ssigkeit in der Massenproduktion ausgelegt. <\/li>\n\n\n\n<li>Wir konnten ein Team von leistungsf\u00e4higen lokalen Werkzeugmachern in Bezug auf Qualit\u00e4t, Kosten und Termine organisieren, um Ihnen Werkzeuge Made in France anzubieten. Ansonsten hat FPSA auch die M\u00f6glichkeit, Ihnen kosteng\u00fcnstige L\u00f6sungen anzubieten.<\/li>\n<\/ul>\n\n\n\n<h3 class=\"wp-block-heading accordion-finition more-accordion\"><strong>TEILE-ENDBEARBEITUNG UND -VEREDELUNG <\/strong><\/h3>\n\n\n\n<ul class=\"list square accordion-finition more-accordion\">\n<li><strong>ENTGRATUNGSPROZESS<\/strong>\n<br><br>\n<ul>\n  <li><strong>TRIBOFINISHING (Gleitschlifftechnik)&nbsp;<\/strong>: Hierbei handelt es sich um ein Verfahren zum Entgraten und Polieren der Oberfl\u00e4che von Metallteilen. Die Teile werden mit Entgratungs- oder Poliermedien, Wasser und einem Zusatz in Beh\u00e4lter eingelegt. Durch Rotation oder Vibration entsteht ein Abrieb an der Oberfl\u00e4che und an den Kanten der Teile.\n  <\/li>\n  <li><strong>KUGELSTRAHLEN&nbsp;<\/strong>: : Vorgang, der darin besteht, Metallteile wiederholt dem H\u00e4mmern von Schleifk\u00f6rnern auszusetzen, die mit hoher Geschwindigkeit mittels Druckluft oder durch Zentrifugalkraft bewegt werden.  <\/li>\n  <li><strong>THERMISCHES ENTGRATEN&nbsp;<\/strong>: Vorgang, bei dem durch Verbrennung des Materials Grate entfernt werden, die w\u00e4hrend der Herstellung des Teils entstehen.<\/li>\n  <\/ul>\n<\/li>\n<br><br>\n<li><strong>OBERFL\u00c4CHENBEHANDLUNG ZUM SCHUTZ ODER ZUR DEKORATION<\/strong><br><br>\n<ul><li>Jede Art der Behandlung von Stahlteilen durch Galvanik oder chemische Umwandlung der Oberfl\u00e4che (Vernickeln, Galvanisieren, Lackieren, Chromatieren, Verzinken)<\/li><\/ul><\/li><br><br>\n<li><strong>KENNZEICHNUNG<\/strong><br><br>\n<ul><li>Tampondruck<\/li><li>Hei\u00dfpr\u00e4gen<\/li><\/ul><\/li><br><br>\n<li><strong>MONTAGE UND VEREDELUNG<\/strong><br><br>\n<ul><li>Komplette Produktmontage und Verpackung<br><\/li><li>100 % automatische Montage und Kontrolle der Teile durch Spezialmaschinen <br><\/li><li>o\tPressfitting mit 100 %iger Kontrolle<br><\/li><li>Endbearbeitung durch Gewindeschneiden, maschinelle Bearbeitung, Bohrungen an Zamak-Teilen <\/li><\/ul><\/li><\/ul>\n\n\n\n<h3 class=\"wp-block-heading accordion-emballage more-accordion\"><strong>VERPACKUNG &amp; VERPACKUNGSPRODUKTE<\/strong><\/h3>\n\n\n\n<p class=\"accordion-emballage more-accordion\"><strong>FPSA<\/strong> arbeitet mit vertrauensw\u00fcrdigen Partnern zusammen und kann Sie durch seine Erfahrung bei der <\/p>\n\n\n\n<ul class=\"accordion-emballage more-accordion list square wp-block-list\">\n<li>Karton <\/li>\n\n\n\n<li>Display-Boxen <\/li>\n\n\n\n<li>PET-PP Boxen und andere Kartons<\/li>\n\n\n\n<li>Bedienungsanleitungen<\/li>\n<\/ul>\n","protected":false},"excerpt":{"rendered":"<p>Unsere Gesch\u00e4ftsfelder DRUCKGUSS VON ZINKLEGIERUNGEN (ZAMAK) Der Druckguss von Zinklegierungen, [&hellip;]<\/p>\n","protected":false},"author":1,"featured_media":754,"parent":0,"menu_order":55,"comment_status":"closed","ping_status":"closed","template":"","meta":{"_acf_changed":false,"footnotes":""},"class_list":["post-1968","page","type-page","status-publish","has-post-thumbnail","hentry"],"acf":[],"_links":{"self":[{"href":"https:\/\/www.fpsa.com\/de\/wp-json\/wp\/v2\/pages\/1968","targetHints":{"allow":["GET"]}}],"collection":[{"href":"https:\/\/www.fpsa.com\/de\/wp-json\/wp\/v2\/pages"}],"about":[{"href":"https:\/\/www.fpsa.com\/de\/wp-json\/wp\/v2\/types\/page"}],"author":[{"embeddable":true,"href":"https:\/\/www.fpsa.com\/de\/wp-json\/wp\/v2\/users\/1"}],"replies":[{"embeddable":true,"href":"https:\/\/www.fpsa.com\/de\/wp-json\/wp\/v2\/comments?post=1968"}],"version-history":[{"count":5,"href":"https:\/\/www.fpsa.com\/de\/wp-json\/wp\/v2\/pages\/1968\/revisions"}],"predecessor-version":[{"id":4681,"href":"https:\/\/www.fpsa.com\/de\/wp-json\/wp\/v2\/pages\/1968\/revisions\/4681"}],"wp:featuredmedia":[{"embeddable":true,"href":"https:\/\/www.fpsa.com\/de\/wp-json\/wp\/v2\/media\/754"}],"wp:attachment":[{"href":"https:\/\/www.fpsa.com\/de\/wp-json\/wp\/v2\/media?parent=1968"}],"curies":[{"name":"wp","href":"https:\/\/api.w.org\/{rel}","templated":true}]}}